{"id":69,"date":"2018-09-02T00:08:26","date_gmt":"2018-09-02T00:08:26","guid":{"rendered":"http:\/\/www.britetechs.com\/demo\/themes\/hotelone\/?page_id=2"},"modified":"2024-07-09T15:40:33","modified_gmt":"2024-07-09T15:40:33","slug":"about","status":"publish","type":"page","link":"https:\/\/seafoz.com\/index.php\/about\/","title":{"rendered":"Sobre n\u00f3s"},"content":{"rendered":"\n<figure class=\"wp-block-image size-full\"><img loading=\"lazy\" decoding=\"async\" width=\"957\" height=\"413\" src=\"https:\/\/seafoz.com\/wp-content\/uploads\/2023\/06\/cropped-cropped-LOGO-PRINCIPAL.jpg\" alt=\"\" class=\"wp-image-236\" srcset=\"https:\/\/seafoz.com\/wp-content\/uploads\/2023\/06\/cropped-cropped-LOGO-PRINCIPAL.jpg 957w, https:\/\/seafoz.com\/wp-content\/uploads\/2023\/06\/cropped-cropped-LOGO-PRINCIPAL-300x129.jpg 300w, https:\/\/seafoz.com\/wp-content\/uploads\/2023\/06\/cropped-cropped-LOGO-PRINCIPAL-768x331.jpg 768w\" sizes=\"auto, (max-width: 957px) 100vw, 957px\" \/><\/figure>\n\n\n\n<p>Bem-vindos\/Welcome<\/p>\n\n\n\n<p>Descubra o ref\u00fagio perfeito em Foz do Arelho!<br>Seja bem-vindo aos nossos alojamentos, onde o charme da costa oeste de Portugal se encontra com o conforto e a hospitalidade. Localizado a poucos passos das areias douradas da Praia da Foz do Arelho e das \u00e1guas serenas da Lagoa de \u00d3bidos, estamos prontos para tornar a sua estadia verdadeiramente memor\u00e1vel. <br>Reserve agora e permita-se ser cativado pela beleza \u00fanica desta regi\u00e3o e pelo caloroso acolhimento que s\u00f3 encontrar\u00e1 aqui.<br><br><\/p>\n\n\n\n<figure class=\"wp-block-gallery has-nested-images columns-default is-cropped wp-block-gallery-1 is-layout-flex wp-block-gallery-is-layout-flex\">\n<figure class=\"wp-block-image size-large\"><img loading=\"lazy\" decoding=\"async\" width=\"1024\" height=\"498\" data-id=\"257\" src=\"https:\/\/seafoz.com\/wp-content\/uploads\/2024\/06\/20200522_122423-1-1024x498.jpg\" alt=\"\" class=\"wp-image-257\" srcset=\"https:\/\/seafoz.com\/wp-content\/uploads\/2024\/06\/20200522_122423-1-1024x498.jpg 1024w, https:\/\/seafoz.com\/wp-content\/uploads\/2024\/06\/20200522_122423-1-300x146.jpg 300w, https:\/\/seafoz.com\/wp-content\/uploads\/2024\/06\/20200522_122423-1-768x373.jpg 768w, https:\/\/seafoz.com\/wp-content\/uploads\/2024\/06\/20200522_122423-1-1536x747.jpg 1536w, https:\/\/seafoz.com\/wp-content\/uploads\/2024\/06\/20200522_122423-1-2048x996.jpg 2048w\" sizes=\"auto, (max-width: 1024px) 100vw, 1024px\" \/><\/figure>\n\n\n\n<figure class=\"wp-block-image size-large\"><img loading=\"lazy\" decoding=\"async\" width=\"1024\" height=\"498\" data-id=\"259\" src=\"https:\/\/seafoz.com\/wp-content\/uploads\/2024\/06\/20220621_220122-1024x498.jpg\" alt=\"\" class=\"wp-image-259\" srcset=\"https:\/\/seafoz.com\/wp-content\/uploads\/2024\/06\/20220621_220122-1024x498.jpg 1024w, https:\/\/seafoz.com\/wp-content\/uploads\/2024\/06\/20220621_220122-300x146.jpg 300w, https:\/\/seafoz.com\/wp-content\/uploads\/2024\/06\/20220621_220122-768x373.jpg 768w, https:\/\/seafoz.com\/wp-content\/uploads\/2024\/06\/20220621_220122-1536x747.jpg 1536w, https:\/\/seafoz.com\/wp-content\/uploads\/2024\/06\/20220621_220122-2048x996.jpg 2048w\" sizes=\"auto, (max-width: 1024px) 100vw, 1024px\" \/><\/figure>\n\n\n\n<figure class=\"wp-block-image size-large\"><img loading=\"lazy\" decoding=\"async\" width=\"1024\" height=\"810\" data-id=\"263\" src=\"https:\/\/seafoz.com\/wp-content\/uploads\/2024\/06\/Exterior1-1024x810.jpg\" alt=\"\" class=\"wp-image-263\" srcset=\"https:\/\/seafoz.com\/wp-content\/uploads\/2024\/06\/Exterior1-1024x810.jpg 1024w, https:\/\/seafoz.com\/wp-content\/uploads\/2024\/06\/Exterior1-300x237.jpg 300w, https:\/\/seafoz.com\/wp-content\/uploads\/2024\/06\/Exterior1-768x607.jpg 768w, https:\/\/seafoz.com\/wp-content\/uploads\/2024\/06\/Exterior1-1536x1215.jpg 1536w, https:\/\/seafoz.com\/wp-content\/uploads\/2024\/06\/Exterior1-2048x1620.jpg 2048w\" sizes=\"auto, (max-width: 1024px) 100vw, 1024px\" \/><\/figure>\n\n\n\n<figure class=\"wp-block-image size-large\"><img loading=\"lazy\" decoding=\"async\" width=\"784\" height=\"1024\" data-id=\"252\" src=\"https:\/\/seafoz.com\/wp-content\/uploads\/2024\/06\/Wall1-784x1024.jpg\" alt=\"\" class=\"wp-image-252\" srcset=\"https:\/\/seafoz.com\/wp-content\/uploads\/2024\/06\/Wall1-784x1024.jpg 784w, https:\/\/seafoz.com\/wp-content\/uploads\/2024\/06\/Wall1-230x300.jpg 230w, https:\/\/seafoz.com\/wp-content\/uploads\/2024\/06\/Wall1-768x1004.jpg 768w, https:\/\/seafoz.com\/wp-content\/uploads\/2024\/06\/Wall1-1175x1536.jpg 1175w, https:\/\/seafoz.com\/wp-content\/uploads\/2024\/06\/Wall1-1567x2048.jpg 1567w, https:\/\/seafoz.com\/wp-content\/uploads\/2024\/06\/Wall1-scaled.jpg 1959w\" sizes=\"auto, (max-width: 784px) 100vw, 784px\" \/><\/figure>\n\n\n\n<figure class=\"wp-block-image size-large\"><img loading=\"lazy\" decoding=\"async\" width=\"751\" height=\"1024\" data-id=\"266\" src=\"https:\/\/seafoz.com\/wp-content\/uploads\/2024\/06\/Wall2-751x1024.jpg\" alt=\"\" class=\"wp-image-266\" srcset=\"https:\/\/seafoz.com\/wp-content\/uploads\/2024\/06\/Wall2-751x1024.jpg 751w, https:\/\/seafoz.com\/wp-content\/uploads\/2024\/06\/Wall2-220x300.jpg 220w, https:\/\/seafoz.com\/wp-content\/uploads\/2024\/06\/Wall2-768x1047.jpg 768w, https:\/\/seafoz.com\/wp-content\/uploads\/2024\/06\/Wall2-1127x1536.jpg 1127w, https:\/\/seafoz.com\/wp-content\/uploads\/2024\/06\/Wall2-1503x2048.jpg 1503w, https:\/\/seafoz.com\/wp-content\/uploads\/2024\/06\/Wall2-scaled.jpg 1878w\" sizes=\"auto, (max-width: 751px) 100vw, 751px\" \/><\/figure>\n<\/figure>\n","protected":false},"excerpt":{"rendered":"<p>Bem-vindos\/Welcome Descubra o ref\u00fagio perfeito em Foz do Arelho!Seja bem-vindo aos nossos alojamentos, onde o &#8230; <\/p>\n<div class=\"text-center\"><a class=\"theme-btn\" href=\"https:\/\/seafoz.com\/index.php\/about\/\">Read More<\/a><\/div>\n","protected":false},"author":1,"featured_media":0,"parent":0,"menu_order":0,"comment_status":"open","ping_status":"open","template":"","meta":{"footnotes":""},"class_list":["post-69","page","type-page","status-publish","hentry"],"yoast_head":"<!-- This site is optimized with the Yoast SEO plugin v27.2 - https:\/\/yoast.com\/product\/yoast-seo-wordpress\/ -->\n<title>Sobre n\u00f3s - SEAFOZ<\/title>\n<meta name=\"robots\" content=\"index, follow, max-snippet:-1, max-image-preview:large, max-video-preview:-1\" \/>\n<link rel=\"canonical\" href=\"https:\/\/seafoz.com\/index.php\/about\/\" \/>\n<meta property=\"og:locale\" content=\"en_US\" \/>\n<meta property=\"og:type\" content=\"article\" \/>\n<meta property=\"og:title\" content=\"Sobre n\u00f3s - SEAFOZ\" \/>\n<meta property=\"og:description\" content=\"Bem-vindos\/Welcome Descubra o ref\u00fagio perfeito em Foz do Arelho!Seja bem-vindo aos nossos alojamentos, onde o ... Read More\" \/>\n<meta property=\"og:url\" content=\"https:\/\/seafoz.com\/index.php\/about\/\" \/>\n<meta property=\"og:site_name\" content=\"SEAFOZ\" \/>\n<meta property=\"article:publisher\" content=\"https:\/\/www.facebook.com\/SEAFOZ-110333808742287\/\" \/>\n<meta property=\"article:modified_time\" content=\"2024-07-09T15:40:33+00:00\" \/>\n<meta property=\"og:image\" content=\"https:\/\/seafoz.com\/wp-content\/uploads\/2023\/06\/cropped-cropped-LOGO-PRINCIPAL.jpg\" \/>\n<meta name=\"twitter:card\" content=\"summary_large_image\" \/>\n<meta name=\"twitter:label1\" content=\"Est. reading time\" \/>\n\t<meta name=\"twitter:data1\" content=\"2 minutes\" \/>\n<script type=\"application\/ld+json\" class=\"yoast-schema-graph\">{\"@context\":\"https:\/\/schema.org\",\"@graph\":[{\"@type\":\"WebPage\",\"@id\":\"https:\/\/seafoz.com\/index.php\/about\/\",\"url\":\"https:\/\/seafoz.com\/index.php\/about\/\",\"name\":\"Sobre n\u00f3s - SEAFOZ\",\"isPartOf\":{\"@id\":\"https:\/\/seafoz.com\/#website\"},\"primaryImageOfPage\":{\"@id\":\"https:\/\/seafoz.com\/index.php\/about\/#primaryimage\"},\"image\":{\"@id\":\"https:\/\/seafoz.com\/index.php\/about\/#primaryimage\"},\"thumbnailUrl\":\"https:\/\/seafoz.com\/wp-content\/uploads\/2023\/06\/cropped-cropped-LOGO-PRINCIPAL.jpg\",\"datePublished\":\"2018-09-02T00:08:26+00:00\",\"dateModified\":\"2024-07-09T15:40:33+00:00\",\"breadcrumb\":{\"@id\":\"https:\/\/seafoz.com\/index.php\/about\/#breadcrumb\"},\"inLanguage\":\"en-US\",\"potentialAction\":[{\"@type\":\"ReadAction\",\"target\":[\"https:\/\/seafoz.com\/index.php\/about\/\"]}]},{\"@type\":\"ImageObject\",\"inLanguage\":\"en-US\",\"@id\":\"https:\/\/seafoz.com\/index.php\/about\/#primaryimage\",\"url\":\"https:\/\/seafoz.com\/wp-content\/uploads\/2023\/06\/cropped-cropped-LOGO-PRINCIPAL.jpg\",\"contentUrl\":\"https:\/\/seafoz.com\/wp-content\/uploads\/2023\/06\/cropped-cropped-LOGO-PRINCIPAL.jpg\",\"width\":957,\"height\":413},{\"@type\":\"BreadcrumbList\",\"@id\":\"https:\/\/seafoz.com\/index.php\/about\/#breadcrumb\",\"itemListElement\":[{\"@type\":\"ListItem\",\"position\":1,\"name\":\"Home\",\"item\":\"https:\/\/seafoz.com\/\"},{\"@type\":\"ListItem\",\"position\":2,\"name\":\"Sobre n\u00f3s\"}]},{\"@type\":\"WebSite\",\"@id\":\"https:\/\/seafoz.com\/#website\",\"url\":\"https:\/\/seafoz.com\/\",\"name\":\"SEAFOZ\",\"description\":\"SEAFOZ - Alojamento local\",\"publisher\":{\"@id\":\"https:\/\/seafoz.com\/#organization\"},\"potentialAction\":[{\"@type\":\"SearchAction\",\"target\":{\"@type\":\"EntryPoint\",\"urlTemplate\":\"https:\/\/seafoz.com\/?s={search_term_string}\"},\"query-input\":{\"@type\":\"PropertyValueSpecification\",\"valueRequired\":true,\"valueName\":\"search_term_string\"}}],\"inLanguage\":\"en-US\"},{\"@type\":\"Organization\",\"@id\":\"https:\/\/seafoz.com\/#organization\",\"name\":\"SEAFOZ\",\"url\":\"https:\/\/seafoz.com\/\",\"logo\":{\"@type\":\"ImageObject\",\"inLanguage\":\"en-US\",\"@id\":\"https:\/\/seafoz.com\/#\/schema\/logo\/image\/\",\"url\":\"https:\/\/seafoz.com\/wp-content\/uploads\/2024\/07\/cropped-LOGO-PRINCIPAL_ESPACO.jpg\",\"contentUrl\":\"https:\/\/seafoz.com\/wp-content\/uploads\/2024\/07\/cropped-LOGO-PRINCIPAL_ESPACO.jpg\",\"width\":958,\"height\":592,\"caption\":\"SEAFOZ\"},\"image\":{\"@id\":\"https:\/\/seafoz.com\/#\/schema\/logo\/image\/\"},\"sameAs\":[\"https:\/\/www.facebook.com\/SEAFOZ-110333808742287\/\"]}]}<\/script>\n<!-- \/ Yoast SEO plugin. -->","yoast_head_json":{"title":"Sobre n\u00f3s - SEAFOZ","robots":{"index":"index","follow":"follow","max-snippet":"max-snippet:-1","max-image-preview":"max-image-preview:large","max-video-preview":"max-video-preview:-1"},"canonical":"https:\/\/seafoz.com\/index.php\/about\/","og_locale":"en_US","og_type":"article","og_title":"Sobre n\u00f3s - SEAFOZ","og_description":"Bem-vindos\/Welcome Descubra o ref\u00fagio perfeito em Foz do Arelho!Seja bem-vindo aos nossos alojamentos, onde o ... Read More","og_url":"https:\/\/seafoz.com\/index.php\/about\/","og_site_name":"SEAFOZ","article_publisher":"https:\/\/www.facebook.com\/SEAFOZ-110333808742287\/","article_modified_time":"2024-07-09T15:40:33+00:00","og_image":[{"url":"https:\/\/seafoz.com\/wp-content\/uploads\/2023\/06\/cropped-cropped-LOGO-PRINCIPAL.jpg","type":"","width":"","height":""}],"twitter_card":"summary_large_image","twitter_misc":{"Est. reading time":"2 minutes"},"schema":{"@context":"https:\/\/schema.org","@graph":[{"@type":"WebPage","@id":"https:\/\/seafoz.com\/index.php\/about\/","url":"https:\/\/seafoz.com\/index.php\/about\/","name":"Sobre n\u00f3s - SEAFOZ","isPartOf":{"@id":"https:\/\/seafoz.com\/#website"},"primaryImageOfPage":{"@id":"https:\/\/seafoz.com\/index.php\/about\/#primaryimage"},"image":{"@id":"https:\/\/seafoz.com\/index.php\/about\/#primaryimage"},"thumbnailUrl":"https:\/\/seafoz.com\/wp-content\/uploads\/2023\/06\/cropped-cropped-LOGO-PRINCIPAL.jpg","datePublished":"2018-09-02T00:08:26+00:00","dateModified":"2024-07-09T15:40:33+00:00","breadcrumb":{"@id":"https:\/\/seafoz.com\/index.php\/about\/#breadcrumb"},"inLanguage":"en-US","potentialAction":[{"@type":"ReadAction","target":["https:\/\/seafoz.com\/index.php\/about\/"]}]},{"@type":"ImageObject","inLanguage":"en-US","@id":"https:\/\/seafoz.com\/index.php\/about\/#primaryimage","url":"https:\/\/seafoz.com\/wp-content\/uploads\/2023\/06\/cropped-cropped-LOGO-PRINCIPAL.jpg","contentUrl":"https:\/\/seafoz.com\/wp-content\/uploads\/2023\/06\/cropped-cropped-LOGO-PRINCIPAL.jpg","width":957,"height":413},{"@type":"BreadcrumbList","@id":"https:\/\/seafoz.com\/index.php\/about\/#breadcrumb","itemListElement":[{"@type":"ListItem","position":1,"name":"Home","item":"https:\/\/seafoz.com\/"},{"@type":"ListItem","position":2,"name":"Sobre n\u00f3s"}]},{"@type":"WebSite","@id":"https:\/\/seafoz.com\/#website","url":"https:\/\/seafoz.com\/","name":"SEAFOZ","description":"SEAFOZ - Alojamento local","publisher":{"@id":"https:\/\/seafoz.com\/#organization"},"potentialAction":[{"@type":"SearchAction","target":{"@type":"EntryPoint","urlTemplate":"https:\/\/seafoz.com\/?s={search_term_string}"},"query-input":{"@type":"PropertyValueSpecification","valueRequired":true,"valueName":"search_term_string"}}],"inLanguage":"en-US"},{"@type":"Organization","@id":"https:\/\/seafoz.com\/#organization","name":"SEAFOZ","url":"https:\/\/seafoz.com\/","logo":{"@type":"ImageObject","inLanguage":"en-US","@id":"https:\/\/seafoz.com\/#\/schema\/logo\/image\/","url":"https:\/\/seafoz.com\/wp-content\/uploads\/2024\/07\/cropped-LOGO-PRINCIPAL_ESPACO.jpg","contentUrl":"https:\/\/seafoz.com\/wp-content\/uploads\/2024\/07\/cropped-LOGO-PRINCIPAL_ESPACO.jpg","width":958,"height":592,"caption":"SEAFOZ"},"image":{"@id":"https:\/\/seafoz.com\/#\/schema\/logo\/image\/"},"sameAs":["https:\/\/www.facebook.com\/SEAFOZ-110333808742287\/"]}]}},"_links":{"self":[{"href":"https:\/\/seafoz.com\/index.php\/wp-json\/wp\/v2\/pages\/69","targetHints":{"allow":["GET"]}}],"collection":[{"href":"https:\/\/seafoz.com\/index.php\/wp-json\/wp\/v2\/pages"}],"about":[{"href":"https:\/\/seafoz.com\/index.php\/wp-json\/wp\/v2\/types\/page"}],"author":[{"embeddable":true,"href":"https:\/\/seafoz.com\/index.php\/wp-json\/wp\/v2\/users\/1"}],"replies":[{"embeddable":true,"href":"https:\/\/seafoz.com\/index.php\/wp-json\/wp\/v2\/comments?post=69"}],"version-history":[{"count":4,"href":"https:\/\/seafoz.com\/index.php\/wp-json\/wp\/v2\/pages\/69\/revisions"}],"predecessor-version":[{"id":498,"href":"https:\/\/seafoz.com\/index.php\/wp-json\/wp\/v2\/pages\/69\/revisions\/498"}],"wp:attachment":[{"href":"https:\/\/seafoz.com\/index.php\/wp-json\/wp\/v2\/media?parent=69"}],"curies":[{"name":"wp","href":"https:\/\/api.w.org\/{rel}","templated":true}]}}