{"id":54,"date":"2018-09-03T01:03:59","date_gmt":"2018-09-02T17:03:59","guid":{"rendered":"http:\/\/www.britetechs.com\/demo\/themes\/hotelone\/?page_id=54"},"modified":"2024-06-25T11:28:11","modified_gmt":"2024-06-25T11:28:11","slug":"casavos","status":"publish","type":"page","link":"https:\/\/seafoz.com\/index.php\/casavos\/","title":{"rendered":"Casa Av\u00f3s"},"content":{"rendered":"\n<p> A Casa dos Av\u00f3s \u00e9 no R\u00e9s do ch\u00e3o, cont\u00e9m 3 quartos, Cozinha e sala de estar, 2 casa de banho, Espa\u00e7o exterior, Comodidades<br>Capacidade para 6 pessoas<br>\u00c1rea: 120m2<br>Internet, Televis\u00e3o por cabo<br>Toalhas &amp; Len\u00e7\u00f3is<\/p>\n\n\n\n<figure class=\"wp-block-gallery has-nested-images columns-3 is-cropped wp-block-gallery-1 is-layout-flex wp-block-gallery-is-layout-flex\">\n<figure class=\"wp-block-image size-large\"><img loading=\"lazy\" decoding=\"async\" width=\"1024\" height=\"1024\" data-id=\"472\" src=\"https:\/\/seafoz.com\/wp-content\/uploads\/2024\/06\/Logo-Seafoz-Casa-dos-Avos-1024x1024.jpg\" alt=\"\" class=\"wp-image-472\" srcset=\"https:\/\/seafoz.com\/wp-content\/uploads\/2024\/06\/Logo-Seafoz-Casa-dos-Avos-1024x1024.jpg 1024w, https:\/\/seafoz.com\/wp-content\/uploads\/2024\/06\/Logo-Seafoz-Casa-dos-Avos-300x300.jpg 300w, https:\/\/seafoz.com\/wp-content\/uploads\/2024\/06\/Logo-Seafoz-Casa-dos-Avos-150x150.jpg 150w, https:\/\/seafoz.com\/wp-content\/uploads\/2024\/06\/Logo-Seafoz-Casa-dos-Avos-768x768.jpg 768w, https:\/\/seafoz.com\/wp-content\/uploads\/2024\/06\/Logo-Seafoz-Casa-dos-Avos-1536x1536.jpg 1536w, https:\/\/seafoz.com\/wp-content\/uploads\/2024\/06\/Logo-Seafoz-Casa-dos-Avos.jpg 1771w\" sizes=\"auto, (max-width: 1024px) 100vw, 1024px\" \/><\/figure>\n\n\n\n<figure class=\"wp-block-image size-large\"><img loading=\"lazy\" decoding=\"async\" width=\"1024\" height=\"498\" data-id=\"147\" src=\"https:\/\/seafoz.com\/wp-content\/uploads\/2023\/06\/Casa_Avos1-1-1024x498.jpg\" alt=\"\" class=\"wp-image-147\" srcset=\"https:\/\/seafoz.com\/wp-content\/uploads\/2023\/06\/Casa_Avos1-1-1024x498.jpg 1024w, https:\/\/seafoz.com\/wp-content\/uploads\/2023\/06\/Casa_Avos1-1-300x146.jpg 300w, https:\/\/seafoz.com\/wp-content\/uploads\/2023\/06\/Casa_Avos1-1-768x373.jpg 768w, https:\/\/seafoz.com\/wp-content\/uploads\/2023\/06\/Casa_Avos1-1-1536x747.jpg 1536w, https:\/\/seafoz.com\/wp-content\/uploads\/2023\/06\/Casa_Avos1-1-2048x995.jpg 2048w\" sizes=\"auto, (max-width: 1024px) 100vw, 1024px\" \/><\/figure>\n\n\n\n<figure class=\"wp-block-image size-large\"><img loading=\"lazy\" decoding=\"async\" width=\"1024\" height=\"683\" data-id=\"148\" src=\"https:\/\/seafoz.com\/wp-content\/uploads\/2023\/06\/Casa_Avos2-1024x683.jpg\" alt=\"\" class=\"wp-image-148\" srcset=\"https:\/\/seafoz.com\/wp-content\/uploads\/2023\/06\/Casa_Avos2-1024x683.jpg 1024w, https:\/\/seafoz.com\/wp-content\/uploads\/2023\/06\/Casa_Avos2-300x200.jpg 300w, https:\/\/seafoz.com\/wp-content\/uploads\/2023\/06\/Casa_Avos2-768x512.jpg 768w, https:\/\/seafoz.com\/wp-content\/uploads\/2023\/06\/Casa_Avos2-1536x1024.jpg 1536w, https:\/\/seafoz.com\/wp-content\/uploads\/2023\/06\/Casa_Avos2.jpg 2048w\" sizes=\"auto, (max-width: 1024px) 100vw, 1024px\" \/><\/figure>\n\n\n\n<figure class=\"wp-block-image size-large\"><img loading=\"lazy\" decoding=\"async\" width=\"1024\" height=\"683\" data-id=\"149\" src=\"https:\/\/seafoz.com\/wp-content\/uploads\/2023\/06\/Casa_Avos3-1024x683.jpg\" alt=\"\" class=\"wp-image-149\" srcset=\"https:\/\/seafoz.com\/wp-content\/uploads\/2023\/06\/Casa_Avos3-1024x683.jpg 1024w, https:\/\/seafoz.com\/wp-content\/uploads\/2023\/06\/Casa_Avos3-300x200.jpg 300w, https:\/\/seafoz.com\/wp-content\/uploads\/2023\/06\/Casa_Avos3-768x512.jpg 768w, https:\/\/seafoz.com\/wp-content\/uploads\/2023\/06\/Casa_Avos3-1536x1024.jpg 1536w, https:\/\/seafoz.com\/wp-content\/uploads\/2023\/06\/Casa_Avos3.jpg 2048w\" sizes=\"auto, (max-width: 1024px) 100vw, 1024px\" \/><\/figure>\n\n\n\n<figure class=\"wp-block-image size-large\"><img loading=\"lazy\" decoding=\"async\" width=\"1024\" height=\"683\" data-id=\"150\" src=\"https:\/\/seafoz.com\/wp-content\/uploads\/2023\/06\/Casa_Avos4-1024x683.jpg\" alt=\"\" class=\"wp-image-150\" srcset=\"https:\/\/seafoz.com\/wp-content\/uploads\/2023\/06\/Casa_Avos4-1024x683.jpg 1024w, https:\/\/seafoz.com\/wp-content\/uploads\/2023\/06\/Casa_Avos4-300x200.jpg 300w, https:\/\/seafoz.com\/wp-content\/uploads\/2023\/06\/Casa_Avos4-768x512.jpg 768w, https:\/\/seafoz.com\/wp-content\/uploads\/2023\/06\/Casa_Avos4-1536x1024.jpg 1536w, https:\/\/seafoz.com\/wp-content\/uploads\/2023\/06\/Casa_Avos4.jpg 2048w\" sizes=\"auto, (max-width: 1024px) 100vw, 1024px\" \/><\/figure>\n\n\n\n<figure class=\"wp-block-image size-large\"><img loading=\"lazy\" decoding=\"async\" width=\"1024\" height=\"683\" data-id=\"151\" src=\"https:\/\/seafoz.com\/wp-content\/uploads\/2023\/06\/Casa_Avos5-1024x683.jpg\" alt=\"\" class=\"wp-image-151\" srcset=\"https:\/\/seafoz.com\/wp-content\/uploads\/2023\/06\/Casa_Avos5-1024x683.jpg 1024w, https:\/\/seafoz.com\/wp-content\/uploads\/2023\/06\/Casa_Avos5-300x200.jpg 300w, https:\/\/seafoz.com\/wp-content\/uploads\/2023\/06\/Casa_Avos5-768x512.jpg 768w, https:\/\/seafoz.com\/wp-content\/uploads\/2023\/06\/Casa_Avos5-1536x1024.jpg 1536w, https:\/\/seafoz.com\/wp-content\/uploads\/2023\/06\/Casa_Avos5.jpg 2048w\" sizes=\"auto, (max-width: 1024px) 100vw, 1024px\" \/><\/figure>\n\n\n\n<figure class=\"wp-block-image size-large\"><img loading=\"lazy\" decoding=\"async\" width=\"1024\" height=\"683\" data-id=\"152\" src=\"https:\/\/seafoz.com\/wp-content\/uploads\/2023\/06\/Casa_Avos6-1024x683.jpg\" alt=\"\" class=\"wp-image-152\" srcset=\"https:\/\/seafoz.com\/wp-content\/uploads\/2023\/06\/Casa_Avos6-1024x683.jpg 1024w, https:\/\/seafoz.com\/wp-content\/uploads\/2023\/06\/Casa_Avos6-300x200.jpg 300w, https:\/\/seafoz.com\/wp-content\/uploads\/2023\/06\/Casa_Avos6-768x512.jpg 768w, https:\/\/seafoz.com\/wp-content\/uploads\/2023\/06\/Casa_Avos6-1536x1024.jpg 1536w, https:\/\/seafoz.com\/wp-content\/uploads\/2023\/06\/Casa_Avos6.jpg 2048w\" sizes=\"auto, (max-width: 1024px) 100vw, 1024px\" \/><\/figure>\n<\/figure>\n\n\n\n<figure class=\"wp-block-gallery has-nested-images columns-default is-cropped wp-block-gallery-2 is-layout-flex wp-block-gallery-is-layout-flex\">\n<figure class=\"wp-block-image size-large\"><img loading=\"lazy\" decoding=\"async\" width=\"1024\" height=\"683\" data-id=\"161\" src=\"https:\/\/seafoz.com\/wp-content\/uploads\/2023\/06\/Casa_Avos7-1024x683.jpg\" alt=\"\" class=\"wp-image-161\" srcset=\"https:\/\/seafoz.com\/wp-content\/uploads\/2023\/06\/Casa_Avos7-1024x683.jpg 1024w, https:\/\/seafoz.com\/wp-content\/uploads\/2023\/06\/Casa_Avos7-300x200.jpg 300w, https:\/\/seafoz.com\/wp-content\/uploads\/2023\/06\/Casa_Avos7-768x512.jpg 768w, https:\/\/seafoz.com\/wp-content\/uploads\/2023\/06\/Casa_Avos7-1536x1024.jpg 1536w, https:\/\/seafoz.com\/wp-content\/uploads\/2023\/06\/Casa_Avos7.jpg 2048w\" sizes=\"auto, (max-width: 1024px) 100vw, 1024px\" \/><\/figure>\n\n\n\n<figure class=\"wp-block-image size-large\"><img loading=\"lazy\" decoding=\"async\" width=\"688\" height=\"1024\" data-id=\"158\" src=\"https:\/\/seafoz.com\/wp-content\/uploads\/2023\/06\/Casa_Avos8-688x1024.jpg\" alt=\"\" class=\"wp-image-158\" srcset=\"https:\/\/seafoz.com\/wp-content\/uploads\/2023\/06\/Casa_Avos8-688x1024.jpg 688w, https:\/\/seafoz.com\/wp-content\/uploads\/2023\/06\/Casa_Avos8-202x300.jpg 202w, https:\/\/seafoz.com\/wp-content\/uploads\/2023\/06\/Casa_Avos8-768x1143.jpg 768w, https:\/\/seafoz.com\/wp-content\/uploads\/2023\/06\/Casa_Avos8-1032x1536.jpg 1032w, https:\/\/seafoz.com\/wp-content\/uploads\/2023\/06\/Casa_Avos8.jpg 1376w\" sizes=\"auto, (max-width: 688px) 100vw, 688px\" \/><\/figure>\n\n\n\n<figure class=\"wp-block-image size-large\"><img loading=\"lazy\" decoding=\"async\" width=\"738\" height=\"1024\" data-id=\"162\" src=\"https:\/\/seafoz.com\/wp-content\/uploads\/2023\/06\/Casa_Avos9-738x1024.jpg\" alt=\"\" class=\"wp-image-162\" srcset=\"https:\/\/seafoz.com\/wp-content\/uploads\/2023\/06\/Casa_Avos9-738x1024.jpg 738w, https:\/\/seafoz.com\/wp-content\/uploads\/2023\/06\/Casa_Avos9-216x300.jpg 216w, https:\/\/seafoz.com\/wp-content\/uploads\/2023\/06\/Casa_Avos9-768x1066.jpg 768w, https:\/\/seafoz.com\/wp-content\/uploads\/2023\/06\/Casa_Avos9-1106x1536.jpg 1106w, https:\/\/seafoz.com\/wp-content\/uploads\/2023\/06\/Casa_Avos9.jpg 1475w\" sizes=\"auto, (max-width: 738px) 100vw, 738px\" \/><\/figure>\n\n\n\n<figure class=\"wp-block-image size-large\"><img loading=\"lazy\" decoding=\"async\" width=\"1024\" height=\"683\" data-id=\"153\" src=\"https:\/\/seafoz.com\/wp-content\/uploads\/2023\/06\/Casa_Avos10-1024x683.jpg\" alt=\"\" class=\"wp-image-153\" srcset=\"https:\/\/seafoz.com\/wp-content\/uploads\/2023\/06\/Casa_Avos10-1024x683.jpg 1024w, https:\/\/seafoz.com\/wp-content\/uploads\/2023\/06\/Casa_Avos10-300x200.jpg 300w, https:\/\/seafoz.com\/wp-content\/uploads\/2023\/06\/Casa_Avos10-768x512.jpg 768w, https:\/\/seafoz.com\/wp-content\/uploads\/2023\/06\/Casa_Avos10-1536x1024.jpg 1536w, https:\/\/seafoz.com\/wp-content\/uploads\/2023\/06\/Casa_Avos10.jpg 2048w\" sizes=\"auto, (max-width: 1024px) 100vw, 1024px\" \/><\/figure>\n\n\n\n<figure class=\"wp-block-image size-large\"><img loading=\"lazy\" decoding=\"async\" width=\"1024\" height=\"683\" data-id=\"155\" src=\"https:\/\/seafoz.com\/wp-content\/uploads\/2023\/06\/Casa_Avos11-1024x683.jpg\" alt=\"\" class=\"wp-image-155\" srcset=\"https:\/\/seafoz.com\/wp-content\/uploads\/2023\/06\/Casa_Avos11-1024x683.jpg 1024w, https:\/\/seafoz.com\/wp-content\/uploads\/2023\/06\/Casa_Avos11-300x200.jpg 300w, https:\/\/seafoz.com\/wp-content\/uploads\/2023\/06\/Casa_Avos11-768x512.jpg 768w, https:\/\/seafoz.com\/wp-content\/uploads\/2023\/06\/Casa_Avos11-1536x1024.jpg 1536w, https:\/\/seafoz.com\/wp-content\/uploads\/2023\/06\/Casa_Avos11.jpg 2048w\" sizes=\"auto, (max-width: 1024px) 100vw, 1024px\" \/><\/figure>\n\n\n\n<figure class=\"wp-block-image size-large\"><img loading=\"lazy\" decoding=\"async\" width=\"1024\" height=\"689\" data-id=\"156\" src=\"https:\/\/seafoz.com\/wp-content\/uploads\/2023\/06\/Casa_Avos12-1024x689.jpg\" alt=\"\" class=\"wp-image-156\" srcset=\"https:\/\/seafoz.com\/wp-content\/uploads\/2023\/06\/Casa_Avos12-1024x689.jpg 1024w, https:\/\/seafoz.com\/wp-content\/uploads\/2023\/06\/Casa_Avos12-300x202.jpg 300w, https:\/\/seafoz.com\/wp-content\/uploads\/2023\/06\/Casa_Avos12-768x516.jpg 768w, https:\/\/seafoz.com\/wp-content\/uploads\/2023\/06\/Casa_Avos12-1536x1033.jpg 1536w, https:\/\/seafoz.com\/wp-content\/uploads\/2023\/06\/Casa_Avos12.jpg 2048w\" sizes=\"auto, (max-width: 1024px) 100vw, 1024px\" \/><\/figure>\n\n\n\n<figure class=\"wp-block-image size-large\"><img loading=\"lazy\" decoding=\"async\" width=\"1024\" height=\"683\" data-id=\"154\" src=\"https:\/\/seafoz.com\/wp-content\/uploads\/2023\/06\/Casa_Avos13-1024x683.jpg\" alt=\"\" class=\"wp-image-154\" srcset=\"https:\/\/seafoz.com\/wp-content\/uploads\/2023\/06\/Casa_Avos13-1024x683.jpg 1024w, https:\/\/seafoz.com\/wp-content\/uploads\/2023\/06\/Casa_Avos13-300x200.jpg 300w, https:\/\/seafoz.com\/wp-content\/uploads\/2023\/06\/Casa_Avos13-768x512.jpg 768w, https:\/\/seafoz.com\/wp-content\/uploads\/2023\/06\/Casa_Avos13-1536x1024.jpg 1536w, https:\/\/seafoz.com\/wp-content\/uploads\/2023\/06\/Casa_Avos13.jpg 2048w\" sizes=\"auto, (max-width: 1024px) 100vw, 1024px\" \/><\/figure>\n\n\n\n<figure class=\"wp-block-image size-large\"><img loading=\"lazy\" decoding=\"async\" width=\"747\" height=\"1024\" data-id=\"157\" src=\"https:\/\/seafoz.com\/wp-content\/uploads\/2023\/06\/Casa_Avos14-747x1024.jpg\" alt=\"\" class=\"wp-image-157\" srcset=\"https:\/\/seafoz.com\/wp-content\/uploads\/2023\/06\/Casa_Avos14-747x1024.jpg 747w, https:\/\/seafoz.com\/wp-content\/uploads\/2023\/06\/Casa_Avos14-219x300.jpg 219w, https:\/\/seafoz.com\/wp-content\/uploads\/2023\/06\/Casa_Avos14-768x1053.jpg 768w, https:\/\/seafoz.com\/wp-content\/uploads\/2023\/06\/Casa_Avos14-1121x1536.jpg 1121w, https:\/\/seafoz.com\/wp-content\/uploads\/2023\/06\/Casa_Avos14.jpg 1494w\" sizes=\"auto, (max-width: 747px) 100vw, 747px\" \/><\/figure>\n\n\n\n<figure class=\"wp-block-image size-large\"><img loading=\"lazy\" decoding=\"async\" width=\"1024\" height=\"683\" data-id=\"159\" src=\"https:\/\/seafoz.com\/wp-content\/uploads\/2023\/06\/Casa_Avos15-1024x683.jpg\" alt=\"\" class=\"wp-image-159\" srcset=\"https:\/\/seafoz.com\/wp-content\/uploads\/2023\/06\/Casa_Avos15-1024x683.jpg 1024w, https:\/\/seafoz.com\/wp-content\/uploads\/2023\/06\/Casa_Avos15-300x200.jpg 300w, https:\/\/seafoz.com\/wp-content\/uploads\/2023\/06\/Casa_Avos15-768x512.jpg 768w, https:\/\/seafoz.com\/wp-content\/uploads\/2023\/06\/Casa_Avos15-1536x1024.jpg 1536w, https:\/\/seafoz.com\/wp-content\/uploads\/2023\/06\/Casa_Avos15.jpg 2048w\" sizes=\"auto, (max-width: 1024px) 100vw, 1024px\" \/><\/figure>\n\n\n\n<figure class=\"wp-block-image size-large\"><img loading=\"lazy\" decoding=\"async\" width=\"1024\" height=\"683\" data-id=\"160\" src=\"https:\/\/seafoz.com\/wp-content\/uploads\/2023\/06\/Casa_Avos16-1024x683.jpg\" alt=\"\" class=\"wp-image-160\" srcset=\"https:\/\/seafoz.com\/wp-content\/uploads\/2023\/06\/Casa_Avos16-1024x683.jpg 1024w, https:\/\/seafoz.com\/wp-content\/uploads\/2023\/06\/Casa_Avos16-300x200.jpg 300w, https:\/\/seafoz.com\/wp-content\/uploads\/2023\/06\/Casa_Avos16-768x512.jpg 768w, https:\/\/seafoz.com\/wp-content\/uploads\/2023\/06\/Casa_Avos16-1536x1024.jpg 1536w, https:\/\/seafoz.com\/wp-content\/uploads\/2023\/06\/Casa_Avos16.jpg 2048w\" sizes=\"auto, (max-width: 1024px) 100vw, 1024px\" \/><\/figure>\n<\/figure>\n","protected":false},"excerpt":{"rendered":"<p>A Casa dos Av\u00f3s \u00e9 no R\u00e9s do ch\u00e3o, cont\u00e9m 3 quartos, Cozinha e sala &#8230; <\/p>\n<div class=\"text-center\"><a class=\"theme-btn\" href=\"https:\/\/seafoz.com\/index.php\/casavos\/\">Read More<\/a><\/div>\n","protected":false},"author":1,"featured_media":151,"parent":0,"menu_order":0,"comment_status":"closed","ping_status":"closed","template":"","meta":{"footnotes":""},"class_list":["post-54","page","type-page","status-publish","has-post-thumbnail","hentry"],"yoast_head":"<!-- This site is optimized with the Yoast SEO plugin v27.2 - https:\/\/yoast.com\/product\/yoast-seo-wordpress\/ -->\n<title>Casa Av\u00f3s - SEAFOZ<\/title>\n<meta name=\"robots\" content=\"index, follow, max-snippet:-1, max-image-preview:large, max-video-preview:-1\" \/>\n<link rel=\"canonical\" href=\"https:\/\/seafoz.com\/index.php\/casavos\/\" \/>\n<meta property=\"og:locale\" content=\"en_US\" \/>\n<meta property=\"og:type\" content=\"article\" \/>\n<meta property=\"og:title\" content=\"Casa Av\u00f3s - SEAFOZ\" \/>\n<meta property=\"og:description\" content=\"A Casa dos Av\u00f3s \u00e9 no R\u00e9s do ch\u00e3o, cont\u00e9m 3 quartos, Cozinha e sala ... Read More\" \/>\n<meta property=\"og:url\" content=\"https:\/\/seafoz.com\/index.php\/casavos\/\" \/>\n<meta property=\"og:site_name\" content=\"SEAFOZ\" \/>\n<meta property=\"article:publisher\" content=\"https:\/\/www.facebook.com\/SEAFOZ-110333808742287\/\" \/>\n<meta property=\"article:modified_time\" content=\"2024-06-25T11:28:11+00:00\" \/>\n<meta property=\"og:image\" content=\"https:\/\/seafoz.com\/wp-content\/uploads\/2023\/06\/Casa_Avos5.jpg\" \/>\n\t<meta property=\"og:image:width\" content=\"2048\" \/>\n\t<meta property=\"og:image:height\" content=\"1365\" \/>\n\t<meta property=\"og:image:type\" content=\"image\/jpeg\" \/>\n<meta name=\"twitter:card\" content=\"summary_large_image\" \/>\n<meta name=\"twitter:label1\" content=\"Est. reading time\" \/>\n\t<meta name=\"twitter:data1\" content=\"4 minutes\" \/>\n<script type=\"application\/ld+json\" class=\"yoast-schema-graph\">{\"@context\":\"https:\/\/schema.org\",\"@graph\":[{\"@type\":\"WebPage\",\"@id\":\"https:\/\/seafoz.com\/index.php\/casavos\/\",\"url\":\"https:\/\/seafoz.com\/index.php\/casavos\/\",\"name\":\"Casa Av\u00f3s - SEAFOZ\",\"isPartOf\":{\"@id\":\"https:\/\/seafoz.com\/#website\"},\"primaryImageOfPage\":{\"@id\":\"https:\/\/seafoz.com\/index.php\/casavos\/#primaryimage\"},\"image\":{\"@id\":\"https:\/\/seafoz.com\/index.php\/casavos\/#primaryimage\"},\"thumbnailUrl\":\"https:\/\/seafoz.com\/wp-content\/uploads\/2023\/06\/Casa_Avos5.jpg\",\"datePublished\":\"2018-09-02T17:03:59+00:00\",\"dateModified\":\"2024-06-25T11:28:11+00:00\",\"breadcrumb\":{\"@id\":\"https:\/\/seafoz.com\/index.php\/casavos\/#breadcrumb\"},\"inLanguage\":\"en-US\",\"potentialAction\":[{\"@type\":\"ReadAction\",\"target\":[\"https:\/\/seafoz.com\/index.php\/casavos\/\"]}]},{\"@type\":\"ImageObject\",\"inLanguage\":\"en-US\",\"@id\":\"https:\/\/seafoz.com\/index.php\/casavos\/#primaryimage\",\"url\":\"https:\/\/seafoz.com\/wp-content\/uploads\/2023\/06\/Casa_Avos5.jpg\",\"contentUrl\":\"https:\/\/seafoz.com\/wp-content\/uploads\/2023\/06\/Casa_Avos5.jpg\",\"width\":2048,\"height\":1365},{\"@type\":\"BreadcrumbList\",\"@id\":\"https:\/\/seafoz.com\/index.php\/casavos\/#breadcrumb\",\"itemListElement\":[{\"@type\":\"ListItem\",\"position\":1,\"name\":\"Home\",\"item\":\"https:\/\/seafoz.com\/\"},{\"@type\":\"ListItem\",\"position\":2,\"name\":\"Casa Av\u00f3s\"}]},{\"@type\":\"WebSite\",\"@id\":\"https:\/\/seafoz.com\/#website\",\"url\":\"https:\/\/seafoz.com\/\",\"name\":\"SEAFOZ\",\"description\":\"SEAFOZ - Alojamento local\",\"publisher\":{\"@id\":\"https:\/\/seafoz.com\/#organization\"},\"potentialAction\":[{\"@type\":\"SearchAction\",\"target\":{\"@type\":\"EntryPoint\",\"urlTemplate\":\"https:\/\/seafoz.com\/?s={search_term_string}\"},\"query-input\":{\"@type\":\"PropertyValueSpecification\",\"valueRequired\":true,\"valueName\":\"search_term_string\"}}],\"inLanguage\":\"en-US\"},{\"@type\":\"Organization\",\"@id\":\"https:\/\/seafoz.com\/#organization\",\"name\":\"SEAFOZ\",\"url\":\"https:\/\/seafoz.com\/\",\"logo\":{\"@type\":\"ImageObject\",\"inLanguage\":\"en-US\",\"@id\":\"https:\/\/seafoz.com\/#\/schema\/logo\/image\/\",\"url\":\"https:\/\/seafoz.com\/wp-content\/uploads\/2024\/07\/cropped-LOGO-PRINCIPAL_ESPACO.jpg\",\"contentUrl\":\"https:\/\/seafoz.com\/wp-content\/uploads\/2024\/07\/cropped-LOGO-PRINCIPAL_ESPACO.jpg\",\"width\":958,\"height\":592,\"caption\":\"SEAFOZ\"},\"image\":{\"@id\":\"https:\/\/seafoz.com\/#\/schema\/logo\/image\/\"},\"sameAs\":[\"https:\/\/www.facebook.com\/SEAFOZ-110333808742287\/\"]}]}<\/script>\n<!-- \/ Yoast SEO plugin. -->","yoast_head_json":{"title":"Casa Av\u00f3s - SEAFOZ","robots":{"index":"index","follow":"follow","max-snippet":"max-snippet:-1","max-image-preview":"max-image-preview:large","max-video-preview":"max-video-preview:-1"},"canonical":"https:\/\/seafoz.com\/index.php\/casavos\/","og_locale":"en_US","og_type":"article","og_title":"Casa Av\u00f3s - SEAFOZ","og_description":"A Casa dos Av\u00f3s \u00e9 no R\u00e9s do ch\u00e3o, cont\u00e9m 3 quartos, Cozinha e sala ... Read More","og_url":"https:\/\/seafoz.com\/index.php\/casavos\/","og_site_name":"SEAFOZ","article_publisher":"https:\/\/www.facebook.com\/SEAFOZ-110333808742287\/","article_modified_time":"2024-06-25T11:28:11+00:00","og_image":[{"width":2048,"height":1365,"url":"https:\/\/seafoz.com\/wp-content\/uploads\/2023\/06\/Casa_Avos5.jpg","type":"image\/jpeg"}],"twitter_card":"summary_large_image","twitter_misc":{"Est. reading time":"4 minutes"},"schema":{"@context":"https:\/\/schema.org","@graph":[{"@type":"WebPage","@id":"https:\/\/seafoz.com\/index.php\/casavos\/","url":"https:\/\/seafoz.com\/index.php\/casavos\/","name":"Casa Av\u00f3s - SEAFOZ","isPartOf":{"@id":"https:\/\/seafoz.com\/#website"},"primaryImageOfPage":{"@id":"https:\/\/seafoz.com\/index.php\/casavos\/#primaryimage"},"image":{"@id":"https:\/\/seafoz.com\/index.php\/casavos\/#primaryimage"},"thumbnailUrl":"https:\/\/seafoz.com\/wp-content\/uploads\/2023\/06\/Casa_Avos5.jpg","datePublished":"2018-09-02T17:03:59+00:00","dateModified":"2024-06-25T11:28:11+00:00","breadcrumb":{"@id":"https:\/\/seafoz.com\/index.php\/casavos\/#breadcrumb"},"inLanguage":"en-US","potentialAction":[{"@type":"ReadAction","target":["https:\/\/seafoz.com\/index.php\/casavos\/"]}]},{"@type":"ImageObject","inLanguage":"en-US","@id":"https:\/\/seafoz.com\/index.php\/casavos\/#primaryimage","url":"https:\/\/seafoz.com\/wp-content\/uploads\/2023\/06\/Casa_Avos5.jpg","contentUrl":"https:\/\/seafoz.com\/wp-content\/uploads\/2023\/06\/Casa_Avos5.jpg","width":2048,"height":1365},{"@type":"BreadcrumbList","@id":"https:\/\/seafoz.com\/index.php\/casavos\/#breadcrumb","itemListElement":[{"@type":"ListItem","position":1,"name":"Home","item":"https:\/\/seafoz.com\/"},{"@type":"ListItem","position":2,"name":"Casa Av\u00f3s"}]},{"@type":"WebSite","@id":"https:\/\/seafoz.com\/#website","url":"https:\/\/seafoz.com\/","name":"SEAFOZ","description":"SEAFOZ - Alojamento local","publisher":{"@id":"https:\/\/seafoz.com\/#organization"},"potentialAction":[{"@type":"SearchAction","target":{"@type":"EntryPoint","urlTemplate":"https:\/\/seafoz.com\/?s={search_term_string}"},"query-input":{"@type":"PropertyValueSpecification","valueRequired":true,"valueName":"search_term_string"}}],"inLanguage":"en-US"},{"@type":"Organization","@id":"https:\/\/seafoz.com\/#organization","name":"SEAFOZ","url":"https:\/\/seafoz.com\/","logo":{"@type":"ImageObject","inLanguage":"en-US","@id":"https:\/\/seafoz.com\/#\/schema\/logo\/image\/","url":"https:\/\/seafoz.com\/wp-content\/uploads\/2024\/07\/cropped-LOGO-PRINCIPAL_ESPACO.jpg","contentUrl":"https:\/\/seafoz.com\/wp-content\/uploads\/2024\/07\/cropped-LOGO-PRINCIPAL_ESPACO.jpg","width":958,"height":592,"caption":"SEAFOZ"},"image":{"@id":"https:\/\/seafoz.com\/#\/schema\/logo\/image\/"},"sameAs":["https:\/\/www.facebook.com\/SEAFOZ-110333808742287\/"]}]}},"_links":{"self":[{"href":"https:\/\/seafoz.com\/index.php\/wp-json\/wp\/v2\/pages\/54","targetHints":{"allow":["GET"]}}],"collection":[{"href":"https:\/\/seafoz.com\/index.php\/wp-json\/wp\/v2\/pages"}],"about":[{"href":"https:\/\/seafoz.com\/index.php\/wp-json\/wp\/v2\/types\/page"}],"author":[{"embeddable":true,"href":"https:\/\/seafoz.com\/index.php\/wp-json\/wp\/v2\/users\/1"}],"replies":[{"embeddable":true,"href":"https:\/\/seafoz.com\/index.php\/wp-json\/wp\/v2\/comments?post=54"}],"version-history":[{"count":5,"href":"https:\/\/seafoz.com\/index.php\/wp-json\/wp\/v2\/pages\/54\/revisions"}],"predecessor-version":[{"id":473,"href":"https:\/\/seafoz.com\/index.php\/wp-json\/wp\/v2\/pages\/54\/revisions\/473"}],"wp:featuredmedia":[{"embeddable":true,"href":"https:\/\/seafoz.com\/index.php\/wp-json\/wp\/v2\/media\/151"}],"wp:attachment":[{"href":"https:\/\/seafoz.com\/index.php\/wp-json\/wp\/v2\/media?parent=54"}],"curies":[{"name":"wp","href":"https:\/\/api.w.org\/{rel}","templated":true}]}}