{"id":330,"date":"2024-06-24T15:09:27","date_gmt":"2024-06-24T15:09:27","guid":{"rendered":"https:\/\/seafoz.com\/?page_id=330"},"modified":"2024-06-24T15:11:04","modified_gmt":"2024-06-24T15:11:04","slug":"sala-dos-eventos","status":"publish","type":"page","link":"https:\/\/seafoz.com\/index.php\/sala-dos-eventos\/","title":{"rendered":"Sala dos Eventos"},"content":{"rendered":"\n<p>Descubra o encanto do passado na nossa sala de eventos, decorada com objetos antigos dos nossos antepassados. Aqui, cada pe\u00e7a conta uma hist\u00f3ria, transportando-o para tempos passados \u200b\u200bde tradi\u00e7\u00e3o e autenticidade. Seja para celebrar um anivers\u00e1rio, realizar uma festa conduzir um workshop, o ambiente acolhedor e o charme da nossa sala proporcionam o cen\u00e1rio perfeito para o seu evento. Equipada com todas as comodidades modernas necess\u00e1rias para garantir o conforto e a conveni\u00eancia dos seus convidados, estamos prontos para receber a sua reserva e ajud\u00e1-lo a criar mem\u00f3rias. Reserve agora e tenha uma experi\u00eancia \u00fanica que combina o melhor do passado com o presente.<\/p>\n\n\n\n<figure class=\"wp-block-gallery has-nested-images columns-3 is-cropped wp-block-gallery-1 is-layout-flex wp-block-gallery-is-layout-flex\"><\/figure>\n\n\n\n<figure class=\"wp-block-gallery has-nested-images columns-default is-cropped wp-block-gallery-2 is-layout-flex wp-block-gallery-is-layout-flex\">\n<figure class=\"wp-block-image size-large\"><img loading=\"lazy\" decoding=\"async\" width=\"1024\" height=\"498\" data-id=\"334\" src=\"https:\/\/seafoz.com\/wp-content\/uploads\/2024\/06\/forno-1024x498.jpg\" alt=\"\" class=\"wp-image-334\" srcset=\"https:\/\/seafoz.com\/wp-content\/uploads\/2024\/06\/forno-1024x498.jpg 1024w, https:\/\/seafoz.com\/wp-content\/uploads\/2024\/06\/forno-300x146.jpg 300w, https:\/\/seafoz.com\/wp-content\/uploads\/2024\/06\/forno-768x373.jpg 768w, https:\/\/seafoz.com\/wp-content\/uploads\/2024\/06\/forno.jpg 1316w\" sizes=\"auto, (max-width: 1024px) 100vw, 1024px\" \/><\/figure>\n\n\n\n<figure class=\"wp-block-image size-large\"><img loading=\"lazy\" decoding=\"async\" width=\"716\" height=\"1024\" data-id=\"336\" src=\"https:\/\/seafoz.com\/wp-content\/uploads\/2024\/06\/pao-716x1024.jpg\" alt=\"\" class=\"wp-image-336\" srcset=\"https:\/\/seafoz.com\/wp-content\/uploads\/2024\/06\/pao-716x1024.jpg 716w, https:\/\/seafoz.com\/wp-content\/uploads\/2024\/06\/pao-210x300.jpg 210w, https:\/\/seafoz.com\/wp-content\/uploads\/2024\/06\/pao-768x1099.jpg 768w, https:\/\/seafoz.com\/wp-content\/uploads\/2024\/06\/pao.jpg 775w\" sizes=\"auto, (max-width: 716px) 100vw, 716px\" \/><\/figure>\n\n\n\n<figure class=\"wp-block-image size-large\"><img loading=\"lazy\" decoding=\"async\" width=\"940\" height=\"788\" data-id=\"335\" src=\"https:\/\/seafoz.com\/wp-content\/uploads\/2024\/06\/workshop-chocolate.jpg\" alt=\"\" class=\"wp-image-335\" srcset=\"https:\/\/seafoz.com\/wp-content\/uploads\/2024\/06\/workshop-chocolate.jpg 940w, https:\/\/seafoz.com\/wp-content\/uploads\/2024\/06\/workshop-chocolate-300x251.jpg 300w, https:\/\/seafoz.com\/wp-content\/uploads\/2024\/06\/workshop-chocolate-768x644.jpg 768w\" sizes=\"auto, (max-width: 940px) 100vw, 940px\" \/><\/figure>\n\n\n\n<figure class=\"wp-block-image size-large\"><img loading=\"lazy\" decoding=\"async\" width=\"940\" height=\"788\" data-id=\"337\" src=\"https:\/\/seafoz.com\/wp-content\/uploads\/2024\/06\/workshop-pao.png\" alt=\"\" class=\"wp-image-337\" srcset=\"https:\/\/seafoz.com\/wp-content\/uploads\/2024\/06\/workshop-pao.png 940w, https:\/\/seafoz.com\/wp-content\/uploads\/2024\/06\/workshop-pao-300x251.png 300w, https:\/\/seafoz.com\/wp-content\/uploads\/2024\/06\/workshop-pao-768x644.png 768w\" sizes=\"auto, (max-width: 940px) 100vw, 940px\" \/><\/figure>\n<\/figure>\n","protected":false},"excerpt":{"rendered":"<p>Descubra o encanto do passado na nossa sala de eventos, decorada com objetos antigos dos &#8230; <\/p>\n<div class=\"text-center\"><a class=\"theme-btn\" href=\"https:\/\/seafoz.com\/index.php\/sala-dos-eventos\/\">Read More<\/a><\/div>\n","protected":false},"author":1,"featured_media":336,"parent":0,"menu_order":0,"comment_status":"closed","ping_status":"closed","template":"","meta":{"footnotes":""},"class_list":["post-330","page","type-page","status-publish","has-post-thumbnail","hentry"],"yoast_head":"<!-- This site is optimized with the Yoast SEO plugin v27.2 - https:\/\/yoast.com\/product\/yoast-seo-wordpress\/ -->\n<title>Sala dos Eventos - SEAFOZ<\/title>\n<meta name=\"robots\" content=\"index, follow, max-snippet:-1, max-image-preview:large, max-video-preview:-1\" \/>\n<link rel=\"canonical\" href=\"https:\/\/seafoz.com\/index.php\/sala-dos-eventos\/\" \/>\n<meta property=\"og:locale\" content=\"en_US\" \/>\n<meta property=\"og:type\" content=\"article\" \/>\n<meta property=\"og:title\" content=\"Sala dos Eventos - SEAFOZ\" \/>\n<meta property=\"og:description\" content=\"Descubra o encanto do passado na nossa sala de eventos, decorada com objetos antigos dos ... Read More\" \/>\n<meta property=\"og:url\" content=\"https:\/\/seafoz.com\/index.php\/sala-dos-eventos\/\" \/>\n<meta property=\"og:site_name\" content=\"SEAFOZ\" \/>\n<meta property=\"article:publisher\" content=\"https:\/\/www.facebook.com\/SEAFOZ-110333808742287\/\" \/>\n<meta property=\"article:modified_time\" content=\"2024-06-24T15:11:04+00:00\" \/>\n<meta property=\"og:image\" content=\"https:\/\/seafoz.com\/wp-content\/uploads\/2024\/06\/pao.jpg\" \/>\n\t<meta property=\"og:image:width\" content=\"775\" \/>\n\t<meta property=\"og:image:height\" content=\"1109\" \/>\n\t<meta property=\"og:image:type\" content=\"image\/jpeg\" \/>\n<meta name=\"twitter:card\" content=\"summary_large_image\" \/>\n<meta name=\"twitter:label1\" content=\"Est. reading time\" \/>\n\t<meta name=\"twitter:data1\" content=\"2 minutes\" \/>\n<script type=\"application\/ld+json\" class=\"yoast-schema-graph\">{\"@context\":\"https:\/\/schema.org\",\"@graph\":[{\"@type\":\"WebPage\",\"@id\":\"https:\/\/seafoz.com\/index.php\/sala-dos-eventos\/\",\"url\":\"https:\/\/seafoz.com\/index.php\/sala-dos-eventos\/\",\"name\":\"Sala dos Eventos - SEAFOZ\",\"isPartOf\":{\"@id\":\"https:\/\/seafoz.com\/#website\"},\"primaryImageOfPage\":{\"@id\":\"https:\/\/seafoz.com\/index.php\/sala-dos-eventos\/#primaryimage\"},\"image\":{\"@id\":\"https:\/\/seafoz.com\/index.php\/sala-dos-eventos\/#primaryimage\"},\"thumbnailUrl\":\"https:\/\/seafoz.com\/wp-content\/uploads\/2024\/06\/pao.jpg\",\"datePublished\":\"2024-06-24T15:09:27+00:00\",\"dateModified\":\"2024-06-24T15:11:04+00:00\",\"breadcrumb\":{\"@id\":\"https:\/\/seafoz.com\/index.php\/sala-dos-eventos\/#breadcrumb\"},\"inLanguage\":\"en-US\",\"potentialAction\":[{\"@type\":\"ReadAction\",\"target\":[\"https:\/\/seafoz.com\/index.php\/sala-dos-eventos\/\"]}]},{\"@type\":\"ImageObject\",\"inLanguage\":\"en-US\",\"@id\":\"https:\/\/seafoz.com\/index.php\/sala-dos-eventos\/#primaryimage\",\"url\":\"https:\/\/seafoz.com\/wp-content\/uploads\/2024\/06\/pao.jpg\",\"contentUrl\":\"https:\/\/seafoz.com\/wp-content\/uploads\/2024\/06\/pao.jpg\",\"width\":775,\"height\":1109},{\"@type\":\"BreadcrumbList\",\"@id\":\"https:\/\/seafoz.com\/index.php\/sala-dos-eventos\/#breadcrumb\",\"itemListElement\":[{\"@type\":\"ListItem\",\"position\":1,\"name\":\"Home\",\"item\":\"https:\/\/seafoz.com\/\"},{\"@type\":\"ListItem\",\"position\":2,\"name\":\"Sala dos Eventos\"}]},{\"@type\":\"WebSite\",\"@id\":\"https:\/\/seafoz.com\/#website\",\"url\":\"https:\/\/seafoz.com\/\",\"name\":\"SEAFOZ\",\"description\":\"SEAFOZ - Alojamento local\",\"publisher\":{\"@id\":\"https:\/\/seafoz.com\/#organization\"},\"potentialAction\":[{\"@type\":\"SearchAction\",\"target\":{\"@type\":\"EntryPoint\",\"urlTemplate\":\"https:\/\/seafoz.com\/?s={search_term_string}\"},\"query-input\":{\"@type\":\"PropertyValueSpecification\",\"valueRequired\":true,\"valueName\":\"search_term_string\"}}],\"inLanguage\":\"en-US\"},{\"@type\":\"Organization\",\"@id\":\"https:\/\/seafoz.com\/#organization\",\"name\":\"SEAFOZ\",\"url\":\"https:\/\/seafoz.com\/\",\"logo\":{\"@type\":\"ImageObject\",\"inLanguage\":\"en-US\",\"@id\":\"https:\/\/seafoz.com\/#\/schema\/logo\/image\/\",\"url\":\"https:\/\/seafoz.com\/wp-content\/uploads\/2024\/07\/cropped-LOGO-PRINCIPAL_ESPACO.jpg\",\"contentUrl\":\"https:\/\/seafoz.com\/wp-content\/uploads\/2024\/07\/cropped-LOGO-PRINCIPAL_ESPACO.jpg\",\"width\":958,\"height\":592,\"caption\":\"SEAFOZ\"},\"image\":{\"@id\":\"https:\/\/seafoz.com\/#\/schema\/logo\/image\/\"},\"sameAs\":[\"https:\/\/www.facebook.com\/SEAFOZ-110333808742287\/\"]}]}<\/script>\n<!-- \/ Yoast SEO plugin. -->","yoast_head_json":{"title":"Sala dos Eventos - SEAFOZ","robots":{"index":"index","follow":"follow","max-snippet":"max-snippet:-1","max-image-preview":"max-image-preview:large","max-video-preview":"max-video-preview:-1"},"canonical":"https:\/\/seafoz.com\/index.php\/sala-dos-eventos\/","og_locale":"en_US","og_type":"article","og_title":"Sala dos Eventos - SEAFOZ","og_description":"Descubra o encanto do passado na nossa sala de eventos, decorada com objetos antigos dos ... Read More","og_url":"https:\/\/seafoz.com\/index.php\/sala-dos-eventos\/","og_site_name":"SEAFOZ","article_publisher":"https:\/\/www.facebook.com\/SEAFOZ-110333808742287\/","article_modified_time":"2024-06-24T15:11:04+00:00","og_image":[{"width":775,"height":1109,"url":"https:\/\/seafoz.com\/wp-content\/uploads\/2024\/06\/pao.jpg","type":"image\/jpeg"}],"twitter_card":"summary_large_image","twitter_misc":{"Est. reading time":"2 minutes"},"schema":{"@context":"https:\/\/schema.org","@graph":[{"@type":"WebPage","@id":"https:\/\/seafoz.com\/index.php\/sala-dos-eventos\/","url":"https:\/\/seafoz.com\/index.php\/sala-dos-eventos\/","name":"Sala dos Eventos - SEAFOZ","isPartOf":{"@id":"https:\/\/seafoz.com\/#website"},"primaryImageOfPage":{"@id":"https:\/\/seafoz.com\/index.php\/sala-dos-eventos\/#primaryimage"},"image":{"@id":"https:\/\/seafoz.com\/index.php\/sala-dos-eventos\/#primaryimage"},"thumbnailUrl":"https:\/\/seafoz.com\/wp-content\/uploads\/2024\/06\/pao.jpg","datePublished":"2024-06-24T15:09:27+00:00","dateModified":"2024-06-24T15:11:04+00:00","breadcrumb":{"@id":"https:\/\/seafoz.com\/index.php\/sala-dos-eventos\/#breadcrumb"},"inLanguage":"en-US","potentialAction":[{"@type":"ReadAction","target":["https:\/\/seafoz.com\/index.php\/sala-dos-eventos\/"]}]},{"@type":"ImageObject","inLanguage":"en-US","@id":"https:\/\/seafoz.com\/index.php\/sala-dos-eventos\/#primaryimage","url":"https:\/\/seafoz.com\/wp-content\/uploads\/2024\/06\/pao.jpg","contentUrl":"https:\/\/seafoz.com\/wp-content\/uploads\/2024\/06\/pao.jpg","width":775,"height":1109},{"@type":"BreadcrumbList","@id":"https:\/\/seafoz.com\/index.php\/sala-dos-eventos\/#breadcrumb","itemListElement":[{"@type":"ListItem","position":1,"name":"Home","item":"https:\/\/seafoz.com\/"},{"@type":"ListItem","position":2,"name":"Sala dos Eventos"}]},{"@type":"WebSite","@id":"https:\/\/seafoz.com\/#website","url":"https:\/\/seafoz.com\/","name":"SEAFOZ","description":"SEAFOZ - Alojamento local","publisher":{"@id":"https:\/\/seafoz.com\/#organization"},"potentialAction":[{"@type":"SearchAction","target":{"@type":"EntryPoint","urlTemplate":"https:\/\/seafoz.com\/?s={search_term_string}"},"query-input":{"@type":"PropertyValueSpecification","valueRequired":true,"valueName":"search_term_string"}}],"inLanguage":"en-US"},{"@type":"Organization","@id":"https:\/\/seafoz.com\/#organization","name":"SEAFOZ","url":"https:\/\/seafoz.com\/","logo":{"@type":"ImageObject","inLanguage":"en-US","@id":"https:\/\/seafoz.com\/#\/schema\/logo\/image\/","url":"https:\/\/seafoz.com\/wp-content\/uploads\/2024\/07\/cropped-LOGO-PRINCIPAL_ESPACO.jpg","contentUrl":"https:\/\/seafoz.com\/wp-content\/uploads\/2024\/07\/cropped-LOGO-PRINCIPAL_ESPACO.jpg","width":958,"height":592,"caption":"SEAFOZ"},"image":{"@id":"https:\/\/seafoz.com\/#\/schema\/logo\/image\/"},"sameAs":["https:\/\/www.facebook.com\/SEAFOZ-110333808742287\/"]}]}},"_links":{"self":[{"href":"https:\/\/seafoz.com\/index.php\/wp-json\/wp\/v2\/pages\/330","targetHints":{"allow":["GET"]}}],"collection":[{"href":"https:\/\/seafoz.com\/index.php\/wp-json\/wp\/v2\/pages"}],"about":[{"href":"https:\/\/seafoz.com\/index.php\/wp-json\/wp\/v2\/types\/page"}],"author":[{"embeddable":true,"href":"https:\/\/seafoz.com\/index.php\/wp-json\/wp\/v2\/users\/1"}],"replies":[{"embeddable":true,"href":"https:\/\/seafoz.com\/index.php\/wp-json\/wp\/v2\/comments?post=330"}],"version-history":[{"count":2,"href":"https:\/\/seafoz.com\/index.php\/wp-json\/wp\/v2\/pages\/330\/revisions"}],"predecessor-version":[{"id":338,"href":"https:\/\/seafoz.com\/index.php\/wp-json\/wp\/v2\/pages\/330\/revisions\/338"}],"wp:featuredmedia":[{"embeddable":true,"href":"https:\/\/seafoz.com\/index.php\/wp-json\/wp\/v2\/media\/336"}],"wp:attachment":[{"href":"https:\/\/seafoz.com\/index.php\/wp-json\/wp\/v2\/media?parent=330"}],"curies":[{"name":"wp","href":"https:\/\/api.w.org\/{rel}","templated":true}]}}