{"id":167,"date":"2023-06-06T14:12:44","date_gmt":"2023-06-06T14:12:44","guid":{"rendered":"https:\/\/seafoz.com\/?page_id=167"},"modified":"2024-06-25T11:27:11","modified_gmt":"2024-06-25T11:27:11","slug":"apartamento-praia","status":"publish","type":"page","link":"https:\/\/seafoz.com\/index.php\/apartamento-praia\/","title":{"rendered":"Apartamento Praia"},"content":{"rendered":"\n<p>O Apartamento Praia, fica no R\u00e9s do ch\u00e3o conta tamb\u00e9m com 2 quartos, Cozinha e sala de estar, 1 casa de banho.<br>1 Terra\u00e7o, Comodidades<br>Capacidade para 4 pessoas<br>\u00c1rea: 80m2<br>Internet, Televis\u00e3o por cabo,<br>Toalhas, Len\u00e7\u00f3is<\/p>\n\n\n\n<figure class=\"wp-block-gallery has-nested-images columns-3 is-cropped wp-block-gallery-1 is-layout-flex wp-block-gallery-is-layout-flex\">\n<figure class=\"wp-block-image size-large\"><img loading=\"lazy\" decoding=\"async\" width=\"1024\" height=\"1024\" data-id=\"468\" src=\"https:\/\/seafoz.com\/wp-content\/uploads\/2024\/06\/Logo-Seafoz-Apart.-Praia-1024x1024.jpg\" alt=\"\" class=\"wp-image-468\" srcset=\"https:\/\/seafoz.com\/wp-content\/uploads\/2024\/06\/Logo-Seafoz-Apart.-Praia-1024x1024.jpg 1024w, https:\/\/seafoz.com\/wp-content\/uploads\/2024\/06\/Logo-Seafoz-Apart.-Praia-300x300.jpg 300w, https:\/\/seafoz.com\/wp-content\/uploads\/2024\/06\/Logo-Seafoz-Apart.-Praia-150x150.jpg 150w, https:\/\/seafoz.com\/wp-content\/uploads\/2024\/06\/Logo-Seafoz-Apart.-Praia-768x768.jpg 768w, https:\/\/seafoz.com\/wp-content\/uploads\/2024\/06\/Logo-Seafoz-Apart.-Praia-1536x1536.jpg 1536w, https:\/\/seafoz.com\/wp-content\/uploads\/2024\/06\/Logo-Seafoz-Apart.-Praia.jpg 1771w\" sizes=\"auto, (max-width: 1024px) 100vw, 1024px\" \/><\/figure>\n\n\n\n<figure class=\"wp-block-image size-large\"><img loading=\"lazy\" decoding=\"async\" width=\"1024\" height=\"498\" data-id=\"170\" src=\"https:\/\/seafoz.com\/wp-content\/uploads\/2023\/06\/Apartamento_Praia2-1024x498.jpg\" alt=\"\" class=\"wp-image-170\" srcset=\"https:\/\/seafoz.com\/wp-content\/uploads\/2023\/06\/Apartamento_Praia2-1024x498.jpg 1024w, https:\/\/seafoz.com\/wp-content\/uploads\/2023\/06\/Apartamento_Praia2-300x146.jpg 300w, https:\/\/seafoz.com\/wp-content\/uploads\/2023\/06\/Apartamento_Praia2-768x373.jpg 768w, https:\/\/seafoz.com\/wp-content\/uploads\/2023\/06\/Apartamento_Praia2-1536x747.jpg 1536w, https:\/\/seafoz.com\/wp-content\/uploads\/2023\/06\/Apartamento_Praia2-2048x995.jpg 2048w\" sizes=\"auto, (max-width: 1024px) 100vw, 1024px\" \/><\/figure>\n\n\n\n<figure class=\"wp-block-image size-large\"><img loading=\"lazy\" decoding=\"async\" width=\"1024\" height=\"683\" data-id=\"172\" src=\"https:\/\/seafoz.com\/wp-content\/uploads\/2023\/06\/Apartamento_Praia6-1024x683.jpg\" alt=\"\" class=\"wp-image-172\" srcset=\"https:\/\/seafoz.com\/wp-content\/uploads\/2023\/06\/Apartamento_Praia6-1024x683.jpg 1024w, https:\/\/seafoz.com\/wp-content\/uploads\/2023\/06\/Apartamento_Praia6-300x200.jpg 300w, https:\/\/seafoz.com\/wp-content\/uploads\/2023\/06\/Apartamento_Praia6-768x512.jpg 768w, https:\/\/seafoz.com\/wp-content\/uploads\/2023\/06\/Apartamento_Praia6-1536x1024.jpg 1536w, https:\/\/seafoz.com\/wp-content\/uploads\/2023\/06\/Apartamento_Praia6.jpg 2048w\" sizes=\"auto, (max-width: 1024px) 100vw, 1024px\" \/><\/figure>\n\n\n\n<figure class=\"wp-block-image size-large\"><img loading=\"lazy\" decoding=\"async\" width=\"498\" height=\"1024\" data-id=\"173\" src=\"https:\/\/seafoz.com\/wp-content\/uploads\/2023\/06\/Apartamento_Praia1-1-498x1024.jpg\" alt=\"\" class=\"wp-image-173\" srcset=\"https:\/\/seafoz.com\/wp-content\/uploads\/2023\/06\/Apartamento_Praia1-1-498x1024.jpg 498w, https:\/\/seafoz.com\/wp-content\/uploads\/2023\/06\/Apartamento_Praia1-1-146x300.jpg 146w, https:\/\/seafoz.com\/wp-content\/uploads\/2023\/06\/Apartamento_Praia1-1-768x1580.jpg 768w, https:\/\/seafoz.com\/wp-content\/uploads\/2023\/06\/Apartamento_Praia1-1-747x1536.jpg 747w, https:\/\/seafoz.com\/wp-content\/uploads\/2023\/06\/Apartamento_Praia1-1-995x2048.jpg 995w, https:\/\/seafoz.com\/wp-content\/uploads\/2023\/06\/Apartamento_Praia1-1-scaled.jpg 1244w\" sizes=\"auto, (max-width: 498px) 100vw, 498px\" \/><\/figure>\n\n\n\n<figure class=\"wp-block-image size-large\"><img loading=\"lazy\" decoding=\"async\" width=\"759\" height=\"1024\" data-id=\"174\" src=\"https:\/\/seafoz.com\/wp-content\/uploads\/2023\/06\/Apartamento_Praia3-1-759x1024.jpg\" alt=\"\" class=\"wp-image-174\" srcset=\"https:\/\/seafoz.com\/wp-content\/uploads\/2023\/06\/Apartamento_Praia3-1-759x1024.jpg 759w, https:\/\/seafoz.com\/wp-content\/uploads\/2023\/06\/Apartamento_Praia3-1-222x300.jpg 222w, https:\/\/seafoz.com\/wp-content\/uploads\/2023\/06\/Apartamento_Praia3-1-768x1036.jpg 768w, https:\/\/seafoz.com\/wp-content\/uploads\/2023\/06\/Apartamento_Praia3-1-1139x1536.jpg 1139w, https:\/\/seafoz.com\/wp-content\/uploads\/2023\/06\/Apartamento_Praia3-1.jpg 1518w\" sizes=\"auto, (max-width: 759px) 100vw, 759px\" \/><\/figure>\n\n\n\n<figure class=\"wp-block-image size-large\"><img loading=\"lazy\" decoding=\"async\" width=\"759\" height=\"1024\" data-id=\"175\" src=\"https:\/\/seafoz.com\/wp-content\/uploads\/2023\/06\/Apartamento_Praia7-759x1024.jpg\" alt=\"\" class=\"wp-image-175\" srcset=\"https:\/\/seafoz.com\/wp-content\/uploads\/2023\/06\/Apartamento_Praia7-759x1024.jpg 759w, https:\/\/seafoz.com\/wp-content\/uploads\/2023\/06\/Apartamento_Praia7-222x300.jpg 222w, https:\/\/seafoz.com\/wp-content\/uploads\/2023\/06\/Apartamento_Praia7-768x1036.jpg 768w, https:\/\/seafoz.com\/wp-content\/uploads\/2023\/06\/Apartamento_Praia7-1139x1536.jpg 1139w, https:\/\/seafoz.com\/wp-content\/uploads\/2023\/06\/Apartamento_Praia7.jpg 1518w\" sizes=\"auto, (max-width: 759px) 100vw, 759px\" \/><\/figure>\n\n\n\n<figure class=\"wp-block-image size-large\"><img loading=\"lazy\" decoding=\"async\" width=\"1024\" height=\"704\" data-id=\"176\" src=\"https:\/\/seafoz.com\/wp-content\/uploads\/2023\/06\/Apartamento_Praia4-1024x704.jpg\" alt=\"\" class=\"wp-image-176\" srcset=\"https:\/\/seafoz.com\/wp-content\/uploads\/2023\/06\/Apartamento_Praia4-1024x704.jpg 1024w, https:\/\/seafoz.com\/wp-content\/uploads\/2023\/06\/Apartamento_Praia4-300x206.jpg 300w, https:\/\/seafoz.com\/wp-content\/uploads\/2023\/06\/Apartamento_Praia4-768x528.jpg 768w, https:\/\/seafoz.com\/wp-content\/uploads\/2023\/06\/Apartamento_Praia4-1536x1055.jpg 1536w, https:\/\/seafoz.com\/wp-content\/uploads\/2023\/06\/Apartamento_Praia4.jpg 2048w\" sizes=\"auto, (max-width: 1024px) 100vw, 1024px\" \/><\/figure>\n<\/figure>\n\n\n\n<figure class=\"wp-block-gallery has-nested-images columns-default is-cropped wp-block-gallery-2 is-layout-flex wp-block-gallery-is-layout-flex\">\n<figure class=\"wp-block-image size-large\"><img loading=\"lazy\" decoding=\"async\" width=\"1024\" height=\"498\" data-id=\"185\" src=\"https:\/\/seafoz.com\/wp-content\/uploads\/2023\/06\/Apartamento_Praia2-1-1024x498.jpg\" alt=\"\" class=\"wp-image-185\" srcset=\"https:\/\/seafoz.com\/wp-content\/uploads\/2023\/06\/Apartamento_Praia2-1-1024x498.jpg 1024w, https:\/\/seafoz.com\/wp-content\/uploads\/2023\/06\/Apartamento_Praia2-1-300x146.jpg 300w, https:\/\/seafoz.com\/wp-content\/uploads\/2023\/06\/Apartamento_Praia2-1-768x373.jpg 768w, https:\/\/seafoz.com\/wp-content\/uploads\/2023\/06\/Apartamento_Praia2-1-1536x747.jpg 1536w, https:\/\/seafoz.com\/wp-content\/uploads\/2023\/06\/Apartamento_Praia2-1-2048x995.jpg 2048w\" sizes=\"auto, (max-width: 1024px) 100vw, 1024px\" \/><\/figure>\n\n\n\n<figure class=\"wp-block-image size-large\"><img loading=\"lazy\" decoding=\"async\" width=\"759\" height=\"1024\" data-id=\"182\" src=\"https:\/\/seafoz.com\/wp-content\/uploads\/2023\/06\/Apartamento_Praia3-2-759x1024.jpg\" alt=\"\" class=\"wp-image-182\" srcset=\"https:\/\/seafoz.com\/wp-content\/uploads\/2023\/06\/Apartamento_Praia3-2-759x1024.jpg 759w, https:\/\/seafoz.com\/wp-content\/uploads\/2023\/06\/Apartamento_Praia3-2-222x300.jpg 222w, https:\/\/seafoz.com\/wp-content\/uploads\/2023\/06\/Apartamento_Praia3-2-768x1036.jpg 768w, https:\/\/seafoz.com\/wp-content\/uploads\/2023\/06\/Apartamento_Praia3-2-1139x1536.jpg 1139w, https:\/\/seafoz.com\/wp-content\/uploads\/2023\/06\/Apartamento_Praia3-2.jpg 1518w\" sizes=\"auto, (max-width: 759px) 100vw, 759px\" \/><\/figure>\n\n\n\n<figure class=\"wp-block-image size-large\"><img loading=\"lazy\" decoding=\"async\" width=\"1024\" height=\"683\" data-id=\"186\" src=\"https:\/\/seafoz.com\/wp-content\/uploads\/2023\/06\/Apartamento_Praia6-1-1024x683.jpg\" alt=\"\" class=\"wp-image-186\" srcset=\"https:\/\/seafoz.com\/wp-content\/uploads\/2023\/06\/Apartamento_Praia6-1-1024x683.jpg 1024w, https:\/\/seafoz.com\/wp-content\/uploads\/2023\/06\/Apartamento_Praia6-1-300x200.jpg 300w, https:\/\/seafoz.com\/wp-content\/uploads\/2023\/06\/Apartamento_Praia6-1-768x512.jpg 768w, https:\/\/seafoz.com\/wp-content\/uploads\/2023\/06\/Apartamento_Praia6-1-1536x1024.jpg 1536w, https:\/\/seafoz.com\/wp-content\/uploads\/2023\/06\/Apartamento_Praia6-1.jpg 2048w\" sizes=\"auto, (max-width: 1024px) 100vw, 1024px\" \/><\/figure>\n\n\n\n<figure class=\"wp-block-image size-large\"><img loading=\"lazy\" decoding=\"async\" width=\"774\" height=\"1024\" data-id=\"180\" src=\"https:\/\/seafoz.com\/wp-content\/uploads\/2023\/06\/Apartamento_Praia8-774x1024.jpg\" alt=\"\" class=\"wp-image-180\" srcset=\"https:\/\/seafoz.com\/wp-content\/uploads\/2023\/06\/Apartamento_Praia8-774x1024.jpg 774w, https:\/\/seafoz.com\/wp-content\/uploads\/2023\/06\/Apartamento_Praia8-227x300.jpg 227w, https:\/\/seafoz.com\/wp-content\/uploads\/2023\/06\/Apartamento_Praia8-768x1016.jpg 768w, https:\/\/seafoz.com\/wp-content\/uploads\/2023\/06\/Apartamento_Praia8-1161x1536.jpg 1161w, https:\/\/seafoz.com\/wp-content\/uploads\/2023\/06\/Apartamento_Praia8.jpg 1548w\" sizes=\"auto, (max-width: 774px) 100vw, 774px\" \/><\/figure>\n\n\n\n<figure class=\"wp-block-image size-large\"><img loading=\"lazy\" decoding=\"async\" width=\"1024\" height=\"688\" data-id=\"179\" src=\"https:\/\/seafoz.com\/wp-content\/uploads\/2023\/06\/Apartamento_Praia9-1024x688.jpg\" alt=\"\" class=\"wp-image-179\" srcset=\"https:\/\/seafoz.com\/wp-content\/uploads\/2023\/06\/Apartamento_Praia9-1024x688.jpg 1024w, https:\/\/seafoz.com\/wp-content\/uploads\/2023\/06\/Apartamento_Praia9-300x202.jpg 300w, https:\/\/seafoz.com\/wp-content\/uploads\/2023\/06\/Apartamento_Praia9-768x516.jpg 768w, https:\/\/seafoz.com\/wp-content\/uploads\/2023\/06\/Apartamento_Praia9-1536x1032.jpg 1536w, https:\/\/seafoz.com\/wp-content\/uploads\/2023\/06\/Apartamento_Praia9.jpg 2048w\" sizes=\"auto, (max-width: 1024px) 100vw, 1024px\" \/><\/figure>\n\n\n\n<figure class=\"wp-block-image size-large\"><img loading=\"lazy\" decoding=\"async\" width=\"1024\" height=\"713\" data-id=\"184\" src=\"https:\/\/seafoz.com\/wp-content\/uploads\/2023\/06\/Apartamento_Praia10-1024x713.jpg\" alt=\"\" class=\"wp-image-184\" srcset=\"https:\/\/seafoz.com\/wp-content\/uploads\/2023\/06\/Apartamento_Praia10-1024x713.jpg 1024w, https:\/\/seafoz.com\/wp-content\/uploads\/2023\/06\/Apartamento_Praia10-300x209.jpg 300w, https:\/\/seafoz.com\/wp-content\/uploads\/2023\/06\/Apartamento_Praia10-768x535.jpg 768w, https:\/\/seafoz.com\/wp-content\/uploads\/2023\/06\/Apartamento_Praia10-1536x1070.jpg 1536w, https:\/\/seafoz.com\/wp-content\/uploads\/2023\/06\/Apartamento_Praia10.jpg 2048w\" sizes=\"auto, (max-width: 1024px) 100vw, 1024px\" \/><\/figure>\n\n\n\n<figure class=\"wp-block-image size-large\"><img loading=\"lazy\" decoding=\"async\" width=\"1024\" height=\"694\" data-id=\"181\" src=\"https:\/\/seafoz.com\/wp-content\/uploads\/2023\/06\/Apartamento_Praia11-1024x694.jpg\" alt=\"\" class=\"wp-image-181\" srcset=\"https:\/\/seafoz.com\/wp-content\/uploads\/2023\/06\/Apartamento_Praia11-1024x694.jpg 1024w, https:\/\/seafoz.com\/wp-content\/uploads\/2023\/06\/Apartamento_Praia11-300x203.jpg 300w, https:\/\/seafoz.com\/wp-content\/uploads\/2023\/06\/Apartamento_Praia11-768x520.jpg 768w, https:\/\/seafoz.com\/wp-content\/uploads\/2023\/06\/Apartamento_Praia11-1536x1040.jpg 1536w, https:\/\/seafoz.com\/wp-content\/uploads\/2023\/06\/Apartamento_Praia11.jpg 2048w\" sizes=\"auto, (max-width: 1024px) 100vw, 1024px\" \/><\/figure>\n<\/figure>\n\n\n\n<p><strong>Pode enviar pedido de mais informa\u00e7\u00f5es via mensagem de formul\u00e1rio:<\/strong><\/p>\n\n\n\n<div class=\"wpcf7 no-js\" id=\"wpcf7-f58-o1\" lang=\"en\" dir=\"ltr\" data-wpcf7-id=\"58\">\n<div class=\"screen-reader-response\"><p role=\"status\" aria-live=\"polite\" aria-atomic=\"true\"><\/p> <ul><\/ul><\/div>\n<form action=\"\/index.php\/wp-json\/wp\/v2\/pages\/167#wpcf7-f58-o1\" method=\"post\" class=\"wpcf7-form init\" aria-label=\"Contact form\" novalidate=\"novalidate\" data-status=\"init\">\n<fieldset class=\"hidden-fields-container\"><input type=\"hidden\" name=\"_wpcf7\" value=\"58\" \/><input type=\"hidden\" name=\"_wpcf7_version\" value=\"6.1.5\" \/><input type=\"hidden\" name=\"_wpcf7_locale\" value=\"en\" \/><input type=\"hidden\" name=\"_wpcf7_unit_tag\" value=\"wpcf7-f58-o1\" \/><input type=\"hidden\" name=\"_wpcf7_container_post\" value=\"0\" \/><input type=\"hidden\" name=\"_wpcf7_posted_data_hash\" value=\"\" \/>\n<\/fieldset>\n<p><label> O seu nome (obrigat\u00f3rio)<br \/>\n<span class=\"wpcf7-form-control-wrap\" data-name=\"your-name\"><input size=\"40\" maxlength=\"400\" class=\"wpcf7-form-control wpcf7-text wpcf7-validates-as-required\" aria-required=\"true\" aria-invalid=\"false\" value=\"\" type=\"text\" name=\"your-name\" \/><\/span> <\/label>\n<\/p>\n<p><label> o seu E-mail (obrigat\u00f3rio)<br \/>\n<span class=\"wpcf7-form-control-wrap\" data-name=\"your-email\"><input size=\"40\" maxlength=\"400\" class=\"wpcf7-form-control wpcf7-email wpcf7-validates-as-required wpcf7-text wpcf7-validates-as-email\" aria-required=\"true\" aria-invalid=\"false\" value=\"\" type=\"email\" name=\"your-email\" \/><\/span> <\/label>\n<\/p>\n<p><label> Assunto<br \/>\n<span class=\"wpcf7-form-control-wrap\" data-name=\"your-subject\"><input size=\"40\" maxlength=\"400\" class=\"wpcf7-form-control wpcf7-text\" aria-invalid=\"false\" value=\"\" type=\"text\" name=\"your-subject\" \/><\/span> <\/label>\n<\/p>\n<p><label> A sua mensagem<br \/>\n<span class=\"wpcf7-form-control-wrap\" data-name=\"your-message\"><textarea cols=\"40\" rows=\"10\" maxlength=\"2000\" class=\"wpcf7-form-control wpcf7-textarea\" aria-invalid=\"false\" name=\"your-message\"><\/textarea><\/span> <\/label>\n<\/p>\n<p><input class=\"wpcf7-form-control wpcf7-submit has-spinner\" type=\"submit\" value=\"Enviar\" \/>\n<\/p><p style=\"display: none !important;\" class=\"akismet-fields-container\" data-prefix=\"_wpcf7_ak_\"><label>&#916;<textarea name=\"_wpcf7_ak_hp_textarea\" cols=\"45\" rows=\"8\" maxlength=\"100\"><\/textarea><\/label><input type=\"hidden\" id=\"ak_js_1\" name=\"_wpcf7_ak_js\" value=\"66\"\/><script>document.getElementById( \"ak_js_1\" ).setAttribute( \"value\", ( new Date() ).getTime() );<\/script><\/p><div class=\"wpcf7-response-output\" aria-hidden=\"true\"><\/div>\n<\/form>\n<\/div>\n","protected":false},"excerpt":{"rendered":"<p>O Apartamento Praia, fica no R\u00e9s do ch\u00e3o conta tamb\u00e9m com 2 quartos, Cozinha e &#8230; <\/p>\n<div class=\"text-center\"><a class=\"theme-btn\" href=\"https:\/\/seafoz.com\/index.php\/apartamento-praia\/\">Read More<\/a><\/div>\n","protected":false},"author":1,"featured_media":183,"parent":0,"menu_order":0,"comment_status":"closed","ping_status":"closed","template":"","meta":{"footnotes":""},"class_list":["post-167","page","type-page","status-publish","has-post-thumbnail","hentry"],"yoast_head":"<!-- This site is optimized with the Yoast SEO plugin v27.2 - https:\/\/yoast.com\/product\/yoast-seo-wordpress\/ -->\n<title>Apartamento Praia - SEAFOZ<\/title>\n<meta name=\"robots\" content=\"index, follow, max-snippet:-1, max-image-preview:large, max-video-preview:-1\" \/>\n<link rel=\"canonical\" href=\"https:\/\/seafoz.com\/index.php\/apartamento-praia\/\" \/>\n<meta property=\"og:locale\" content=\"en_US\" \/>\n<meta property=\"og:type\" content=\"article\" \/>\n<meta property=\"og:title\" content=\"Apartamento Praia - SEAFOZ\" \/>\n<meta property=\"og:description\" content=\"O Apartamento Praia, fica no R\u00e9s do ch\u00e3o conta tamb\u00e9m com 2 quartos, Cozinha e ... Read More\" \/>\n<meta property=\"og:url\" content=\"https:\/\/seafoz.com\/index.php\/apartamento-praia\/\" \/>\n<meta property=\"og:site_name\" content=\"SEAFOZ\" \/>\n<meta property=\"article:publisher\" content=\"https:\/\/www.facebook.com\/SEAFOZ-110333808742287\/\" \/>\n<meta property=\"article:modified_time\" content=\"2024-06-25T11:27:11+00:00\" \/>\n<meta property=\"og:image\" content=\"https:\/\/seafoz.com\/wp-content\/uploads\/2023\/06\/Apartamento_Praia4-1.jpg\" \/>\n\t<meta property=\"og:image:width\" content=\"2048\" \/>\n\t<meta property=\"og:image:height\" content=\"1407\" \/>\n\t<meta property=\"og:image:type\" content=\"image\/jpeg\" \/>\n<meta name=\"twitter:card\" content=\"summary_large_image\" \/>\n<meta name=\"twitter:label1\" content=\"Est. reading time\" \/>\n\t<meta name=\"twitter:data1\" content=\"4 minutes\" \/>\n<script type=\"application\/ld+json\" class=\"yoast-schema-graph\">{\"@context\":\"https:\/\/schema.org\",\"@graph\":[{\"@type\":\"WebPage\",\"@id\":\"https:\/\/seafoz.com\/index.php\/apartamento-praia\/\",\"url\":\"https:\/\/seafoz.com\/index.php\/apartamento-praia\/\",\"name\":\"Apartamento Praia - SEAFOZ\",\"isPartOf\":{\"@id\":\"https:\/\/seafoz.com\/#website\"},\"primaryImageOfPage\":{\"@id\":\"https:\/\/seafoz.com\/index.php\/apartamento-praia\/#primaryimage\"},\"image\":{\"@id\":\"https:\/\/seafoz.com\/index.php\/apartamento-praia\/#primaryimage\"},\"thumbnailUrl\":\"https:\/\/seafoz.com\/wp-content\/uploads\/2023\/06\/Apartamento_Praia4-1.jpg\",\"datePublished\":\"2023-06-06T14:12:44+00:00\",\"dateModified\":\"2024-06-25T11:27:11+00:00\",\"breadcrumb\":{\"@id\":\"https:\/\/seafoz.com\/index.php\/apartamento-praia\/#breadcrumb\"},\"inLanguage\":\"en-US\",\"potentialAction\":[{\"@type\":\"ReadAction\",\"target\":[\"https:\/\/seafoz.com\/index.php\/apartamento-praia\/\"]}]},{\"@type\":\"ImageObject\",\"inLanguage\":\"en-US\",\"@id\":\"https:\/\/seafoz.com\/index.php\/apartamento-praia\/#primaryimage\",\"url\":\"https:\/\/seafoz.com\/wp-content\/uploads\/2023\/06\/Apartamento_Praia4-1.jpg\",\"contentUrl\":\"https:\/\/seafoz.com\/wp-content\/uploads\/2023\/06\/Apartamento_Praia4-1.jpg\",\"width\":2048,\"height\":1407},{\"@type\":\"BreadcrumbList\",\"@id\":\"https:\/\/seafoz.com\/index.php\/apartamento-praia\/#breadcrumb\",\"itemListElement\":[{\"@type\":\"ListItem\",\"position\":1,\"name\":\"Home\",\"item\":\"https:\/\/seafoz.com\/\"},{\"@type\":\"ListItem\",\"position\":2,\"name\":\"Apartamento Praia\"}]},{\"@type\":\"WebSite\",\"@id\":\"https:\/\/seafoz.com\/#website\",\"url\":\"https:\/\/seafoz.com\/\",\"name\":\"SEAFOZ\",\"description\":\"SEAFOZ - Alojamento local\",\"publisher\":{\"@id\":\"https:\/\/seafoz.com\/#organization\"},\"potentialAction\":[{\"@type\":\"SearchAction\",\"target\":{\"@type\":\"EntryPoint\",\"urlTemplate\":\"https:\/\/seafoz.com\/?s={search_term_string}\"},\"query-input\":{\"@type\":\"PropertyValueSpecification\",\"valueRequired\":true,\"valueName\":\"search_term_string\"}}],\"inLanguage\":\"en-US\"},{\"@type\":\"Organization\",\"@id\":\"https:\/\/seafoz.com\/#organization\",\"name\":\"SEAFOZ\",\"url\":\"https:\/\/seafoz.com\/\",\"logo\":{\"@type\":\"ImageObject\",\"inLanguage\":\"en-US\",\"@id\":\"https:\/\/seafoz.com\/#\/schema\/logo\/image\/\",\"url\":\"https:\/\/seafoz.com\/wp-content\/uploads\/2024\/07\/cropped-LOGO-PRINCIPAL_ESPACO.jpg\",\"contentUrl\":\"https:\/\/seafoz.com\/wp-content\/uploads\/2024\/07\/cropped-LOGO-PRINCIPAL_ESPACO.jpg\",\"width\":958,\"height\":592,\"caption\":\"SEAFOZ\"},\"image\":{\"@id\":\"https:\/\/seafoz.com\/#\/schema\/logo\/image\/\"},\"sameAs\":[\"https:\/\/www.facebook.com\/SEAFOZ-110333808742287\/\"]}]}<\/script>\n<!-- \/ Yoast SEO plugin. -->","yoast_head_json":{"title":"Apartamento Praia - SEAFOZ","robots":{"index":"index","follow":"follow","max-snippet":"max-snippet:-1","max-image-preview":"max-image-preview:large","max-video-preview":"max-video-preview:-1"},"canonical":"https:\/\/seafoz.com\/index.php\/apartamento-praia\/","og_locale":"en_US","og_type":"article","og_title":"Apartamento Praia - SEAFOZ","og_description":"O Apartamento Praia, fica no R\u00e9s do ch\u00e3o conta tamb\u00e9m com 2 quartos, Cozinha e ... Read More","og_url":"https:\/\/seafoz.com\/index.php\/apartamento-praia\/","og_site_name":"SEAFOZ","article_publisher":"https:\/\/www.facebook.com\/SEAFOZ-110333808742287\/","article_modified_time":"2024-06-25T11:27:11+00:00","og_image":[{"width":2048,"height":1407,"url":"https:\/\/seafoz.com\/wp-content\/uploads\/2023\/06\/Apartamento_Praia4-1.jpg","type":"image\/jpeg"}],"twitter_card":"summary_large_image","twitter_misc":{"Est. reading time":"4 minutes"},"schema":{"@context":"https:\/\/schema.org","@graph":[{"@type":"WebPage","@id":"https:\/\/seafoz.com\/index.php\/apartamento-praia\/","url":"https:\/\/seafoz.com\/index.php\/apartamento-praia\/","name":"Apartamento Praia - SEAFOZ","isPartOf":{"@id":"https:\/\/seafoz.com\/#website"},"primaryImageOfPage":{"@id":"https:\/\/seafoz.com\/index.php\/apartamento-praia\/#primaryimage"},"image":{"@id":"https:\/\/seafoz.com\/index.php\/apartamento-praia\/#primaryimage"},"thumbnailUrl":"https:\/\/seafoz.com\/wp-content\/uploads\/2023\/06\/Apartamento_Praia4-1.jpg","datePublished":"2023-06-06T14:12:44+00:00","dateModified":"2024-06-25T11:27:11+00:00","breadcrumb":{"@id":"https:\/\/seafoz.com\/index.php\/apartamento-praia\/#breadcrumb"},"inLanguage":"en-US","potentialAction":[{"@type":"ReadAction","target":["https:\/\/seafoz.com\/index.php\/apartamento-praia\/"]}]},{"@type":"ImageObject","inLanguage":"en-US","@id":"https:\/\/seafoz.com\/index.php\/apartamento-praia\/#primaryimage","url":"https:\/\/seafoz.com\/wp-content\/uploads\/2023\/06\/Apartamento_Praia4-1.jpg","contentUrl":"https:\/\/seafoz.com\/wp-content\/uploads\/2023\/06\/Apartamento_Praia4-1.jpg","width":2048,"height":1407},{"@type":"BreadcrumbList","@id":"https:\/\/seafoz.com\/index.php\/apartamento-praia\/#breadcrumb","itemListElement":[{"@type":"ListItem","position":1,"name":"Home","item":"https:\/\/seafoz.com\/"},{"@type":"ListItem","position":2,"name":"Apartamento Praia"}]},{"@type":"WebSite","@id":"https:\/\/seafoz.com\/#website","url":"https:\/\/seafoz.com\/","name":"SEAFOZ","description":"SEAFOZ - Alojamento local","publisher":{"@id":"https:\/\/seafoz.com\/#organization"},"potentialAction":[{"@type":"SearchAction","target":{"@type":"EntryPoint","urlTemplate":"https:\/\/seafoz.com\/?s={search_term_string}"},"query-input":{"@type":"PropertyValueSpecification","valueRequired":true,"valueName":"search_term_string"}}],"inLanguage":"en-US"},{"@type":"Organization","@id":"https:\/\/seafoz.com\/#organization","name":"SEAFOZ","url":"https:\/\/seafoz.com\/","logo":{"@type":"ImageObject","inLanguage":"en-US","@id":"https:\/\/seafoz.com\/#\/schema\/logo\/image\/","url":"https:\/\/seafoz.com\/wp-content\/uploads\/2024\/07\/cropped-LOGO-PRINCIPAL_ESPACO.jpg","contentUrl":"https:\/\/seafoz.com\/wp-content\/uploads\/2024\/07\/cropped-LOGO-PRINCIPAL_ESPACO.jpg","width":958,"height":592,"caption":"SEAFOZ"},"image":{"@id":"https:\/\/seafoz.com\/#\/schema\/logo\/image\/"},"sameAs":["https:\/\/www.facebook.com\/SEAFOZ-110333808742287\/"]}]}},"_links":{"self":[{"href":"https:\/\/seafoz.com\/index.php\/wp-json\/wp\/v2\/pages\/167","targetHints":{"allow":["GET"]}}],"collection":[{"href":"https:\/\/seafoz.com\/index.php\/wp-json\/wp\/v2\/pages"}],"about":[{"href":"https:\/\/seafoz.com\/index.php\/wp-json\/wp\/v2\/types\/page"}],"author":[{"embeddable":true,"href":"https:\/\/seafoz.com\/index.php\/wp-json\/wp\/v2\/users\/1"}],"replies":[{"embeddable":true,"href":"https:\/\/seafoz.com\/index.php\/wp-json\/wp\/v2\/comments?post=167"}],"version-history":[{"count":4,"href":"https:\/\/seafoz.com\/index.php\/wp-json\/wp\/v2\/pages\/167\/revisions"}],"predecessor-version":[{"id":469,"href":"https:\/\/seafoz.com\/index.php\/wp-json\/wp\/v2\/pages\/167\/revisions\/469"}],"wp:featuredmedia":[{"embeddable":true,"href":"https:\/\/seafoz.com\/index.php\/wp-json\/wp\/v2\/media\/183"}],"wp:attachment":[{"href":"https:\/\/seafoz.com\/index.php\/wp-json\/wp\/v2\/media?parent=167"}],"curies":[{"name":"wp","href":"https:\/\/api.w.org\/{rel}","templated":true}]}}